{"id":2836,"date":"2020-04-20T09:13:24","date_gmt":"2020-04-20T06:13:24","guid":{"rendered":"https:\/\/www.wiruauto.ee\/avaleht\/?page_id=2836"},"modified":"2021-03-30T12:22:42","modified_gmt":"2021-03-30T09:22:42","slug":"kkk","status":"publish","type":"page","link":"https:\/\/www.wiruauto.ee\/avaleht\/kkk\/","title":{"rendered":"KKK"},"content":{"rendered":"<div id=\"pl-2836\"  class=\"panel-layout\" ><div id=\"pg-2836-0\"  class=\"panel-grid panel-no-style\" ><div id=\"pgc-2836-0-0\"  class=\"panel-grid-cell\" ><div id=\"panel-2836-0-0-0\" class=\"so-panel widget widget_sow-accordion panel-first-child panel-last-child\" data-index=\"0\" ><div\n\t\t\t\n\t\t\tclass=\"so-widget-sow-accordion so-widget-sow-accordion-default-f5afc19a2044-2836\"\n\t\t\t\n\t\t><h3 class=\"widget-title\">Korduma kippuvad k\u00fcsimused<\/h3><div>\n\t<div class=\"sow-accordion\">\n\t\t\t<div class=\"sow-accordion-panel\n\t\t\t\t\"\n\t\t\tdata-anchor-id=\"kuidas-e-poest-osta\">\n\t\t\t\t<div class=\"sow-accordion-panel-header-container\" role=\"heading\" aria-level=\"2\">\n\t\t\t\t\t<div class=\"sow-accordion-panel-header\" tabindex=\"0\" role=\"button\" id=\"accordion-label-kuidas-e-poest-osta\" aria-controls=\"accordion-content-kuidas-e-poest-osta\" aria-expanded=\"false\">\n\t\t\t\t\t\t<div class=\"sow-accordion-title sow-accordion-title-icon-left\">\n\t\t\t\t\t\t\t\t\t\t\t\t\t\tKuidas e-poest osta?\t\t\t\t\t\t\t\t\t\t\t\t\t<\/div>\n\t\t\t\t\t\t<div class=\"sow-accordion-open-close-button\">\n\t\t\t\t\t\t\t<div class=\"sow-accordion-open-button\">\n\t\t\t\t\t\t\t\t<span class=\"sow-icon-ionicons\" data-sow-icon=\"&#xf218;\"\n\t\t \n\t\taria-hidden=\"true\"><\/span>\t\t\t\t\t\t\t<\/div>\n\t\t\t\t\t\t\t<div class=\"sow-accordion-close-button\">\n\t\t\t\t\t\t\t\t<span class=\"sow-icon-ionicons\" data-sow-icon=\"&#xf209;\"\n\t\t \n\t\taria-hidden=\"true\"><\/span>\t\t\t\t\t\t\t<\/div>\n\t\t\t\t\t\t<\/div>\n\t\t\t\t\t<\/div>\n\t\t\t\t<\/div>\n\n\t\t\t<div\n\t\t\t\tclass=\"sow-accordion-panel-content\"\n\t\t\t\trole=\"region\"\n\t\t\t\taria-labelledby=\"accordion-label-kuidas-e-poest-osta\"\n\t\t\t\tid=\"accordion-content-kuidas-e-poest-osta\"\n\t\t\t\tstyle=\"display: none;\"\t\t\t>\n\t\t\t\t<div class=\"sow-accordion-panel-border\">\n\t\t\t\t\t<p>Valige e-poest omale sobiv toode. Toote ostmiseks valige esmalt kogus (juhul kui tootelon erinevaid omadusi, valige sobilikud omadused) ning vajutage toote juures nuppu \u201cLisa korvi\u201d. Peale nupule vajutamist on toode lisatud ostukorvi ning v\u00f5ite ostlemist j\u00e4tkata ja lisada ostukorvi ka teisi tooteid. Kui soovite osta ainult \u00fche toote, siis liikuge edasi Ostukorvi lehele, kus kuvatakse sinu ostude \u00fclevaade.<\/p>\n<p>Tellimuse esitamiseks vajutage \"Mine maksma\" nuppu, t\u00e4itke kliendianmed, valiga transpordi- ja makseviis ning kinnitage tellimus \u201cEsita tellimus\u201d nupule vajutamisega. Peale tellimuse kinnitamist saadetakse teie e-postile tellimuse kinnitamise kiri. Kui tasute tellimuse eest pangalinki kasutades, siis peale makse sooritamist panga lehel vajutage kindlasti \u201cTagasi kaupmehe juurde\u201d linki.<\/p>\n<p><strong>100 % andmekaitse<\/strong> \u2013 veebileht kasutab SSL sertifikaati, mis tagab andmete \u0161ifreerimise autentsuse, kaitstes sel moel teie andmeid \u00fcle v\u00f5tmise v\u00f5i petmise eest.<\/p>\n\t\t\t\t<\/div>\n\t\t\t<\/div>\n\t\t<\/div>\n\t\t\t<div class=\"sow-accordion-panel\n\t\t\t\t\"\n\t\t\tdata-anchor-id=\"millised-on-maksemeetodid\">\n\t\t\t\t<div class=\"sow-accordion-panel-header-container\" role=\"heading\" aria-level=\"2\">\n\t\t\t\t\t<div class=\"sow-accordion-panel-header\" tabindex=\"0\" role=\"button\" id=\"accordion-label-millised-on-maksemeetodid\" aria-controls=\"accordion-content-millised-on-maksemeetodid\" aria-expanded=\"false\">\n\t\t\t\t\t\t<div class=\"sow-accordion-title sow-accordion-title-icon-left\">\n\t\t\t\t\t\t\t\t\t\t\t\t\t\tMillised on maksemeetodid?\t\t\t\t\t\t\t\t\t\t\t\t\t<\/div>\n\t\t\t\t\t\t<div class=\"sow-accordion-open-close-button\">\n\t\t\t\t\t\t\t<div class=\"sow-accordion-open-button\">\n\t\t\t\t\t\t\t\t<span class=\"sow-icon-ionicons\" data-sow-icon=\"&#xf218;\"\n\t\t \n\t\taria-hidden=\"true\"><\/span>\t\t\t\t\t\t\t<\/div>\n\t\t\t\t\t\t\t<div class=\"sow-accordion-close-button\">\n\t\t\t\t\t\t\t\t<span class=\"sow-icon-ionicons\" data-sow-icon=\"&#xf209;\"\n\t\t \n\t\taria-hidden=\"true\"><\/span>\t\t\t\t\t\t\t<\/div>\n\t\t\t\t\t\t<\/div>\n\t\t\t\t\t<\/div>\n\t\t\t\t<\/div>\n\n\t\t\t<div\n\t\t\t\tclass=\"sow-accordion-panel-content\"\n\t\t\t\trole=\"region\"\n\t\t\t\taria-labelledby=\"accordion-label-millised-on-maksemeetodid\"\n\t\t\t\tid=\"accordion-content-millised-on-maksemeetodid\"\n\t\t\t\tstyle=\"display: none;\"\t\t\t>\n\t\t\t\t<div class=\"sow-accordion-panel-border\">\n\t\t\t\t\tMakseid saate sooritada kasutades pangalinki - SEB, Swedbank, Luminor v\u00f5i LHV\n<p class=\"hidden\">2. krediit- ja deebetkaartidega <strong>VISA, MasterCard ja Maestro<\/strong>, millel on internetimaksete turvalise teostamise v\u00f5imalus. Selle v\u00f5imaluse saate aktiveerida oma internetipangas. Kui olete sisestanud kaardi omaniku andmed, kaardi numbri, kehtivusaja ja CVV koodi, siis v\u00f5etakse sellelt pangakontolt kohe maha tellimuse summa.<\/p>\t\t\t\t<\/div>\n\t\t\t<\/div>\n\t\t<\/div>\n\t\t\t<div class=\"sow-accordion-panel\n\t\t\t\t\"\n\t\t\tdata-anchor-id=\"millised-on-tarnemetodid\">\n\t\t\t\t<div class=\"sow-accordion-panel-header-container\" role=\"heading\" aria-level=\"2\">\n\t\t\t\t\t<div class=\"sow-accordion-panel-header\" tabindex=\"0\" role=\"button\" id=\"accordion-label-millised-on-tarnemetodid\" aria-controls=\"accordion-content-millised-on-tarnemetodid\" aria-expanded=\"false\">\n\t\t\t\t\t\t<div class=\"sow-accordion-title sow-accordion-title-icon-left\">\n\t\t\t\t\t\t\t\t\t\t\t\t\t\tMillised on tarnemetodid?\t\t\t\t\t\t\t\t\t\t\t\t\t<\/div>\n\t\t\t\t\t\t<div class=\"sow-accordion-open-close-button\">\n\t\t\t\t\t\t\t<div class=\"sow-accordion-open-button\">\n\t\t\t\t\t\t\t\t<span class=\"sow-icon-ionicons\" data-sow-icon=\"&#xf218;\"\n\t\t \n\t\taria-hidden=\"true\"><\/span>\t\t\t\t\t\t\t<\/div>\n\t\t\t\t\t\t\t<div class=\"sow-accordion-close-button\">\n\t\t\t\t\t\t\t\t<span class=\"sow-icon-ionicons\" data-sow-icon=\"&#xf209;\"\n\t\t \n\t\taria-hidden=\"true\"><\/span>\t\t\t\t\t\t\t<\/div>\n\t\t\t\t\t\t<\/div>\n\t\t\t\t\t<\/div>\n\t\t\t\t<\/div>\n\n\t\t\t<div\n\t\t\t\tclass=\"sow-accordion-panel-content\"\n\t\t\t\trole=\"region\"\n\t\t\t\taria-labelledby=\"accordion-label-millised-on-tarnemetodid\"\n\t\t\t\tid=\"accordion-content-millised-on-tarnemetodid\"\n\t\t\t\tstyle=\"display: none;\"\t\t\t>\n\t\t\t\t<div class=\"sow-accordion-panel-border\">\n\t\t\t\t\t<p>Valides tarneviisiks Omniva, Itella SmartPost v\u00f5i DPD Pickup, toimetatakse kaup teie poolt valitud pakiautomaati.<br \/>\n<strong>NB!<\/strong> Omniva ja DPD postiautomaatidesse saab tellida ainult neid kaupu, mis vastavad suuruse (39 x 38 x 64 cm) ning kaalu (kuni 30 kg) piirangutele.<\/p>\n<p>Valides tarneviisiks DPD kulleri, toimetatakse kaup Teile koju v\u00f5i kontorisse.<\/p>\n\t\t\t\t<\/div>\n\t\t\t<\/div>\n\t\t<\/div>\n\t\t\t<div class=\"sow-accordion-panel\n\t\t\t\t\"\n\t\t\tdata-anchor-id=\"kui-pikk-on-tarneaeg\">\n\t\t\t\t<div class=\"sow-accordion-panel-header-container\" role=\"heading\" aria-level=\"2\">\n\t\t\t\t\t<div class=\"sow-accordion-panel-header\" tabindex=\"0\" role=\"button\" id=\"accordion-label-kui-pikk-on-tarneaeg\" aria-controls=\"accordion-content-kui-pikk-on-tarneaeg\" aria-expanded=\"false\">\n\t\t\t\t\t\t<div class=\"sow-accordion-title sow-accordion-title-icon-left\">\n\t\t\t\t\t\t\t\t\t\t\t\t\t\tKui pikk on tarneaeg?\t\t\t\t\t\t\t\t\t\t\t\t\t<\/div>\n\t\t\t\t\t\t<div class=\"sow-accordion-open-close-button\">\n\t\t\t\t\t\t\t<div class=\"sow-accordion-open-button\">\n\t\t\t\t\t\t\t\t<span class=\"sow-icon-ionicons\" data-sow-icon=\"&#xf218;\"\n\t\t \n\t\taria-hidden=\"true\"><\/span>\t\t\t\t\t\t\t<\/div>\n\t\t\t\t\t\t\t<div class=\"sow-accordion-close-button\">\n\t\t\t\t\t\t\t\t<span class=\"sow-icon-ionicons\" data-sow-icon=\"&#xf209;\"\n\t\t \n\t\taria-hidden=\"true\"><\/span>\t\t\t\t\t\t\t<\/div>\n\t\t\t\t\t\t<\/div>\n\t\t\t\t\t<\/div>\n\t\t\t\t<\/div>\n\n\t\t\t<div\n\t\t\t\tclass=\"sow-accordion-panel-content\"\n\t\t\t\trole=\"region\"\n\t\t\t\taria-labelledby=\"accordion-label-kui-pikk-on-tarneaeg\"\n\t\t\t\tid=\"accordion-content-kui-pikk-on-tarneaeg\"\n\t\t\t\tstyle=\"display: none;\"\t\t\t>\n\t\t\t\t<div class=\"sow-accordion-panel-border\">\n\t\t\t\t\t<p>Saadetised j\u00f5uavad \u00fcldjuhul ostja m\u00e4\u00e4ratud sihtpunkti \u00fcle Eesti 3-7 t\u00f6\u00f6p\u00e4eva jooksul peale tellimuse vormistamist.<\/p>\n\t\t\t\t<\/div>\n\t\t\t<\/div>\n\t\t<\/div>\n\t\t\t<div class=\"sow-accordion-panel\n\t\t\t\t\"\n\t\t\tdata-anchor-id=\"kauba-tagastamine\">\n\t\t\t\t<div class=\"sow-accordion-panel-header-container\" role=\"heading\" aria-level=\"2\">\n\t\t\t\t\t<div class=\"sow-accordion-panel-header\" tabindex=\"0\" role=\"button\" id=\"accordion-label-kauba-tagastamine\" aria-controls=\"accordion-content-kauba-tagastamine\" aria-expanded=\"false\">\n\t\t\t\t\t\t<div class=\"sow-accordion-title sow-accordion-title-icon-left\">\n\t\t\t\t\t\t\t\t\t\t\t\t\t\tKauba tagastamine\t\t\t\t\t\t\t\t\t\t\t\t\t<\/div>\n\t\t\t\t\t\t<div class=\"sow-accordion-open-close-button\">\n\t\t\t\t\t\t\t<div class=\"sow-accordion-open-button\">\n\t\t\t\t\t\t\t\t<span class=\"sow-icon-ionicons\" data-sow-icon=\"&#xf218;\"\n\t\t \n\t\taria-hidden=\"true\"><\/span>\t\t\t\t\t\t\t<\/div>\n\t\t\t\t\t\t\t<div class=\"sow-accordion-close-button\">\n\t\t\t\t\t\t\t\t<span class=\"sow-icon-ionicons\" data-sow-icon=\"&#xf209;\"\n\t\t \n\t\taria-hidden=\"true\"><\/span>\t\t\t\t\t\t\t<\/div>\n\t\t\t\t\t\t<\/div>\n\t\t\t\t\t<\/div>\n\t\t\t\t<\/div>\n\n\t\t\t<div\n\t\t\t\tclass=\"sow-accordion-panel-content\"\n\t\t\t\trole=\"region\"\n\t\t\t\taria-labelledby=\"accordion-label-kauba-tagastamine\"\n\t\t\t\tid=\"accordion-content-kauba-tagastamine\"\n\t\t\t\tstyle=\"display: none;\"\t\t\t>\n\t\t\t\t<div class=\"sow-accordion-panel-border\">\n\t\t\t\t\t<p>P\u00e4rast tellimuse k\u00e4ttesaamist on ostjal \u00f5igus e-poes s\u00f5lmitud lepingust taganeda 14 p\u00e4eva jooksul ( ei kohaldu, kui ostjaks on juriidiline isik ).<\/p>\n<p>Tagastatav kaup peab olema originaalpakendis ning seda ei tohi kasutada muul viisil kui on vajalik kauba olemuses, omadustes ja toimimises veendumiseks viisil nagu see on lubatud kauba testimiseks f\u00fc\u00fcsilises poes.<\/p>\n<p>Kauba tagastamiseks tuleb esitada kauba ostmisest taganemise avaldus e-posti aadressile pood@wiruauto.ee hiljemalt 14 p\u00e4eva jooksul kauba k\u00e4ttesaamisest. Kauba tagastamise kulud kannab \u00fcldjuhul ostja. Loe l\u00e4hemalt: <a href=\"https:\/\/www.wiruauto.ee\/avaleht\/muugitingimused\/\">m\u00fc\u00fcgitingimustest<\/a><\/p>\n\t\t\t\t<\/div>\n\t\t\t<\/div>\n\t\t<\/div>\n\t\t\t<div class=\"sow-accordion-panel\n\t\t\t\t\"\n\t\t\tdata-anchor-id=\"kas-ma-saan-oma-tellimust-tuhistada\">\n\t\t\t\t<div class=\"sow-accordion-panel-header-container\" role=\"heading\" aria-level=\"2\">\n\t\t\t\t\t<div class=\"sow-accordion-panel-header\" tabindex=\"0\" role=\"button\" id=\"accordion-label-kas-ma-saan-oma-tellimust-t%c3%bchistada\" aria-controls=\"accordion-content-kas-ma-saan-oma-tellimust-t%c3%bchistada\" aria-expanded=\"false\">\n\t\t\t\t\t\t<div class=\"sow-accordion-title sow-accordion-title-icon-left\">\n\t\t\t\t\t\t\t\t\t\t\t\t\t\tKas ma saan oma tellimust t\u00fchistada?\t\t\t\t\t\t\t\t\t\t\t\t\t<\/div>\n\t\t\t\t\t\t<div class=\"sow-accordion-open-close-button\">\n\t\t\t\t\t\t\t<div class=\"sow-accordion-open-button\">\n\t\t\t\t\t\t\t\t<span class=\"sow-icon-ionicons\" data-sow-icon=\"&#xf218;\"\n\t\t \n\t\taria-hidden=\"true\"><\/span>\t\t\t\t\t\t\t<\/div>\n\t\t\t\t\t\t\t<div class=\"sow-accordion-close-button\">\n\t\t\t\t\t\t\t\t<span class=\"sow-icon-ionicons\" data-sow-icon=\"&#xf209;\"\n\t\t \n\t\taria-hidden=\"true\"><\/span>\t\t\t\t\t\t\t<\/div>\n\t\t\t\t\t\t<\/div>\n\t\t\t\t\t<\/div>\n\t\t\t\t<\/div>\n\n\t\t\t<div\n\t\t\t\tclass=\"sow-accordion-panel-content\"\n\t\t\t\trole=\"region\"\n\t\t\t\taria-labelledby=\"accordion-label-kas-ma-saan-oma-tellimust-t%c3%bchistada\"\n\t\t\t\tid=\"accordion-content-kas-ma-saan-oma-tellimust-t%c3%bchistada\"\n\t\t\t\tstyle=\"display: none;\"\t\t\t>\n\t\t\t\t<div class=\"sow-accordion-panel-border\">\n\t\t\t\t\t<p>Jah! Helistage koheselt <span class=\"accent-color\"><strong>+372 329 5560<\/strong><\/span> v\u00f5i saatke email epood@wiruauto.ee<\/p>\n\t\t\t\t<\/div>\n\t\t\t<\/div>\n\t\t<\/div>\n\t\t\t<div class=\"sow-accordion-panel\n\t\t\t\t\"\n\t\t\tdata-anchor-id=\"unustasid-salasona\">\n\t\t\t\t<div class=\"sow-accordion-panel-header-container\" role=\"heading\" aria-level=\"2\">\n\t\t\t\t\t<div class=\"sow-accordion-panel-header\" tabindex=\"0\" role=\"button\" id=\"accordion-label-unustasid-salas%c3%b5na\" aria-controls=\"accordion-content-unustasid-salas%c3%b5na\" aria-expanded=\"false\">\n\t\t\t\t\t\t<div class=\"sow-accordion-title sow-accordion-title-icon-left\">\n\t\t\t\t\t\t\t\t\t\t\t\t\t\tUnustasid salas\u00f5na?\t\t\t\t\t\t\t\t\t\t\t\t\t<\/div>\n\t\t\t\t\t\t<div class=\"sow-accordion-open-close-button\">\n\t\t\t\t\t\t\t<div class=\"sow-accordion-open-button\">\n\t\t\t\t\t\t\t\t<span class=\"sow-icon-ionicons\" data-sow-icon=\"&#xf218;\"\n\t\t \n\t\taria-hidden=\"true\"><\/span>\t\t\t\t\t\t\t<\/div>\n\t\t\t\t\t\t\t<div class=\"sow-accordion-close-button\">\n\t\t\t\t\t\t\t\t<span class=\"sow-icon-ionicons\" data-sow-icon=\"&#xf209;\"\n\t\t \n\t\taria-hidden=\"true\"><\/span>\t\t\t\t\t\t\t<\/div>\n\t\t\t\t\t\t<\/div>\n\t\t\t\t\t<\/div>\n\t\t\t\t<\/div>\n\n\t\t\t<div\n\t\t\t\tclass=\"sow-accordion-panel-content\"\n\t\t\t\trole=\"region\"\n\t\t\t\taria-labelledby=\"accordion-label-unustasid-salas%c3%b5na\"\n\t\t\t\tid=\"accordion-content-unustasid-salas%c3%b5na\"\n\t\t\t\tstyle=\"display: none;\"\t\t\t>\n\t\t\t\t<div class=\"sow-accordion-panel-border\">\n\t\t\t\t\t<p>Kui unustasid salas\u00f5na, siis vajuta sisselogimise aknas \"Kaotasid parooli\". Avanevas aknas sisesta registreerimisel kasutatud e-posti aadress ning me saadame sulle salas\u00fcna muutmise juhendi.<\/p>\n\t\t\t\t<\/div>\n\t\t\t<\/div>\n\t\t<\/div>\n\t\t\t<div class=\"sow-accordion-panel\n\t\t\t\t\"\n\t\t\tdata-anchor-id=\"kus-ma-naen-oma-tellimuste-ajalugu-ja-staatust\">\n\t\t\t\t<div class=\"sow-accordion-panel-header-container\" role=\"heading\" aria-level=\"2\">\n\t\t\t\t\t<div class=\"sow-accordion-panel-header\" tabindex=\"0\" role=\"button\" id=\"accordion-label-kus-ma-n%c3%a4en-oma-tellimuste-ajalugu-ja-staatust\" aria-controls=\"accordion-content-kus-ma-n%c3%a4en-oma-tellimuste-ajalugu-ja-staatust\" aria-expanded=\"false\">\n\t\t\t\t\t\t<div class=\"sow-accordion-title sow-accordion-title-icon-left\">\n\t\t\t\t\t\t\t\t\t\t\t\t\t\tKus ma n\u00e4en oma tellimuste ajalugu ja staatust?\t\t\t\t\t\t\t\t\t\t\t\t\t<\/div>\n\t\t\t\t\t\t<div class=\"sow-accordion-open-close-button\">\n\t\t\t\t\t\t\t<div class=\"sow-accordion-open-button\">\n\t\t\t\t\t\t\t\t<span class=\"sow-icon-ionicons\" data-sow-icon=\"&#xf218;\"\n\t\t \n\t\taria-hidden=\"true\"><\/span>\t\t\t\t\t\t\t<\/div>\n\t\t\t\t\t\t\t<div class=\"sow-accordion-close-button\">\n\t\t\t\t\t\t\t\t<span class=\"sow-icon-ionicons\" data-sow-icon=\"&#xf209;\"\n\t\t \n\t\taria-hidden=\"true\"><\/span>\t\t\t\t\t\t\t<\/div>\n\t\t\t\t\t\t<\/div>\n\t\t\t\t\t<\/div>\n\t\t\t\t<\/div>\n\n\t\t\t<div\n\t\t\t\tclass=\"sow-accordion-panel-content\"\n\t\t\t\trole=\"region\"\n\t\t\t\taria-labelledby=\"accordion-label-kus-ma-n%c3%a4en-oma-tellimuste-ajalugu-ja-staatust\"\n\t\t\t\tid=\"accordion-content-kus-ma-n%c3%a4en-oma-tellimuste-ajalugu-ja-staatust\"\n\t\t\t\tstyle=\"display: none;\"\t\t\t>\n\t\t\t\t<div class=\"sow-accordion-panel-border\">\n\t\t\t\t\t<p>Logige sisse oma kontole:<br \/>\n<a href=\"https:\/\/www.wiruauto.ee\/avaleht\/my-account\/\">https:\/\/www.wiruauto.ee\/avaleht\/my-account\/<\/a><\/p>\n\t\t\t\t<\/div>\n\t\t\t<\/div>\n\t\t<\/div>\n\t\t<\/div>\n<\/div>\n<\/div><\/div><\/div><\/div><\/div>","protected":false},"excerpt":{"rendered":"<p>Korduma kippuvad k\u00fcsimused Kuidas e-poest osta? Valige e-poest omale sobiv toode. Toote ostmiseks valige esmalt kogus (juhul kui tootelon erinevaid omadusi, valige sobilikud omadused) ning vajutage toote juures nuppu \u201cLisa korvi\u201d. Peale nupule vajutamist on toode lisatud ostukorvi ning v\u00f5ite ostlemist j\u00e4tkata ja lisada ostukorvi ka teisi tooteid. Kui soovite osta ainult \u00fche toote, siis liikuge edasi Ostukorvi lehele, kus kuvatakse sinu ostude \u00fclevaade. Tellimuse esitamiseks vajutage &#8220;Mine maksma&#8221; nuppu, t\u00e4itke kliendianmed, valiga transpordi- ja makseviis ning kinnitage tellimus \u201cEsita tellimus\u201d nupule vajutamisega. Peale tellimuse kinnitamist saadetakse teie e-postile tellimuse kinnitamise kiri. Kui tasute tellimuse eest pangalinki kasutades, siis peale makse sooritamist panga lehel vajutage kindlasti \u201cTagasi kaupmehe juurde\u201d linki. 100 % andmekaitse \u2013 veebileht kasutab SSL sertifikaati, mis tagab andmete \u0161ifreerimise autentsuse, kaitstes sel moel teie andmeid \u00fcle v\u00f5tmise v\u00f5i petmise eest. Millised on maksemeetodid? Makseid saate sooritada kasutades pangalinki &#8211; SEB, Swedbank, Luminor v\u00f5i LHV 2. krediit- ja deebetkaartidega VISA, MasterCard ja Maestro, millel on internetimaksete turvalise teostamise v\u00f5imalus. Selle v\u00f5imaluse saate aktiveerida oma internetipangas. Kui olete sisestanud kaardi omaniku andmed, kaardi numbri, kehtivusaja ja CVV koodi, siis v\u00f5etakse sellelt pangakontolt kohe maha tellimuse summa. Millised on tarnemetodid? Valides tarneviisiks Omniva, Itella SmartPost v\u00f5i DPD Pickup, toimetatakse kaup teie poolt valitud pakiautomaati. NB! Omniva ja DPD postiautomaatidesse saab tellida ainult neid kaupu, mis vastavad suuruse (39 x 38 x 64 cm) ning kaalu (kuni 30 kg) piirangutele. Valides tarneviisiks DPD kulleri, toimetatakse kaup Teile koju v\u00f5i kontorisse. Kui pikk on tarneaeg? Saadetised j\u00f5uavad \u00fcldjuhul ostja m\u00e4\u00e4ratud sihtpunkti \u00fcle Eesti 3-7 t\u00f6\u00f6p\u00e4eva jooksul peale tellimuse vormistamist. Kauba tagastamine P\u00e4rast tellimuse k\u00e4ttesaamist on ostjal \u00f5igus e-poes s\u00f5lmitud lepingust taganeda 14 p\u00e4eva jooksul ( ei kohaldu, kui ostjaks on juriidiline isik ). Tagastatav kaup peab olema originaalpakendis ning seda ei tohi kasutada muul viisil kui on vajalik kauba olemuses, omadustes ja toimimises veendumiseks viisil nagu see on lubatud kauba testimiseks f\u00fc\u00fcsilises poes. Kauba tagastamiseks tuleb esitada kauba ostmisest taganemise avaldus e-posti aadressile pood@wiruauto.ee hiljemalt 14 p\u00e4eva jooksul kauba k\u00e4ttesaamisest. Kauba tagastamise kulud kannab \u00fcldjuhul ostja. Loe l\u00e4hemalt: m\u00fc\u00fcgitingimustest Kas ma saan oma tellimust t\u00fchistada? Jah! Helistage koheselt +372 329 5560 v\u00f5i saatke email epood@wiruauto.ee Unustasid salas\u00f5na? Kui unustasid salas\u00f5na, siis vajuta sisselogimise aknas &#8220;Kaotasid parooli&#8221;. Avanevas aknas sisesta registreerimisel kasutatud e-posti aadress ning me saadame sulle salas\u00fcna muutmise juhendi. Kus ma n\u00e4en oma tellimuste ajalugu ja staatust? Logige sisse oma kontole: https:\/\/www.wiruauto.ee\/avaleht\/my-account\/<\/p>\n","protected":false},"author":1,"featured_media":0,"parent":0,"menu_order":0,"comment_status":"closed","ping_status":"closed","template":"","meta":{"footnotes":""},"class_list":["post-2836","page","type-page","status-publish","hentry"],"_links":{"self":[{"href":"https:\/\/www.wiruauto.ee\/avaleht\/wp-json\/wp\/v2\/pages\/2836","targetHints":{"allow":["GET"]}}],"collection":[{"href":"https:\/\/www.wiruauto.ee\/avaleht\/wp-json\/wp\/v2\/pages"}],"about":[{"href":"https:\/\/www.wiruauto.ee\/avaleht\/wp-json\/wp\/v2\/types\/page"}],"author":[{"embeddable":true,"href":"https:\/\/www.wiruauto.ee\/avaleht\/wp-json\/wp\/v2\/users\/1"}],"replies":[{"embeddable":true,"href":"https:\/\/www.wiruauto.ee\/avaleht\/wp-json\/wp\/v2\/comments?post=2836"}],"version-history":[{"count":5,"href":"https:\/\/www.wiruauto.ee\/avaleht\/wp-json\/wp\/v2\/pages\/2836\/revisions"}],"predecessor-version":[{"id":4341,"href":"https:\/\/www.wiruauto.ee\/avaleht\/wp-json\/wp\/v2\/pages\/2836\/revisions\/4341"}],"wp:attachment":[{"href":"https:\/\/www.wiruauto.ee\/avaleht\/wp-json\/wp\/v2\/media?parent=2836"}],"curies":[{"name":"wp","href":"https:\/\/api.w.org\/{rel}","templated":true}]}}