{"id":5410,"date":"2022-11-25T10:17:10","date_gmt":"2022-11-25T08:17:10","guid":{"rendered":"https:\/\/www.wiruauto.ee\/avaleht\/?page_id=5410"},"modified":"2026-02-12T16:07:15","modified_gmt":"2026-02-12T14:07:15","slug":"isikuandmete-tootlemine-salongis","status":"publish","type":"page","link":"https:\/\/www.wiruauto.ee\/avaleht\/isikuandmete-tootlemine-salongis\/","title":{"rendered":"Isikuandmete t\u00f6\u00f6tlemise p\u00f5him\u00f5tted"},"content":{"rendered":"<p><strong>Wiru Auto isikuandmete t\u00f6\u00f6tlemise p\u00f5him\u00f5tted<\/strong><\/p>\n<ol>\n<li><strong> Vastutav t\u00f6\u00f6tleja<\/strong><\/li>\n<\/ol>\n<p>Wiru Auto on Eesti ettev\u00f5te, mis tegeleb s\u00f5idukite m\u00fc\u00fcgi, hoolduse, remondi ja autode rendiga. Wiru Auto t\u00f6\u00f6tleb isikuandmeid koosk\u00f5las Euroopa Liidu isikuandmete kaitse \u00fcldm\u00e4\u00e4ruse (GDPR) ja Eesti isikuandmete kaitse seadusega.<\/p>\n<p><strong>Kontakt andmekaitsek\u00fcsimustes:<\/strong><br \/>\nE-post: info@wiruauto.ee<\/p>\n<ol start=\"2\">\n<li><strong> K\u00e4esoleva poliitika ulatus<\/strong><\/li>\n<\/ol>\n<p>K\u00e4esolevad isikuandmete t\u00f6\u00f6tlemise p\u00f5him\u00f5tted kirjeldavad, kuidas Wiru Auto t\u00f6\u00f6tleb isikuandmeid oma \u00e4ritegevuse k\u00e4igus, sh kliendisuhtluses, s\u00f5idukite m\u00fc\u00fcgi, hoolduse, remondi ja autode rendi teenuste osutamisel ning veebilehe www.wiruauto.ee kasutamisel.<\/p>\n<p>Kui Wiru Auto on esindatud kolmandate osapoolte teenustes v\u00f5i sotsiaalmeediakanalites (nt Facebook), kohaldatakse seal vastavate teenusepakkujate privaatsustingimusi.<\/p>\n<ol start=\"3\">\n<li><strong> Isikuandmete liigid<\/strong><\/li>\n<\/ol>\n<p>Wiru Auto t\u00f6\u00f6tleb \u00fcksnes eesm\u00e4rgip\u00e4raseid ja vajalikke isikuandmeid, sealhulgas:<\/p>\n<ul>\n<li>ees- ja perekonnanimi;<\/li>\n<li>telefoninumber;<\/li>\n<li>e-posti aadress;<\/li>\n<li>postiaadress;<\/li>\n<li>isikut t\u00f5endava dokumendi andmed v\u00f5i koopia (autode rent ja asendusauto);<\/li>\n<li>s\u00f5iduki andmed (registreerimisnumber, VIN-kood, tehnilised andmed);<\/li>\n<li>arveldamise ja maksetega seotud andmed;<\/li>\n<li>kliendisuhtluse ja p\u00e4ringutega seotud andmed;<\/li>\n<li>veebilehe kasutamisega seotud tehnilised andmed.<\/li>\n<\/ul>\n<ol start=\"4\">\n<li><strong> Isikuandmete t\u00f6\u00f6tlemise eesm\u00e4rgid ja \u00f5iguslikud alused<\/strong><\/li>\n<\/ol>\n<p>Wiru Auto t\u00f6\u00f6tleb isikuandmeid j\u00e4rgmistel eesm\u00e4rkidel ja \u00f5iguslikel alustel:<\/p>\n<ul>\n<li><strong>Lepingu s\u00f5lmimine ja t\u00e4itmine<\/strong> (GDPR art 6 lg 1 b): s\u00f5idukite m\u00fc\u00fck, hooldus, remont, rent, asendusauto ja proovis\u00f5idud;<\/li>\n<li><strong>Seadusest tulenev kohustus<\/strong> (GDPR art 6 lg 1 c): raamatupidamine, maksuarvestus, \u00f5igusaktidest tulenevad kohustused;<\/li>\n<li><strong>\u00d5igustatud huvi<\/strong> (GDPR art 6 lg 1 f): kliendisuhtlus, teenuse kvaliteedi tagamine, vara ja isikute turvalisus (sh videovalve);<\/li>\n<li><strong>N\u00f5usolek<\/strong> (GDPR art 6 lg 1 a): turunduslikud teated ja muud tegevused, kus n\u00f5usolek on n\u00f5utav.<\/li>\n<\/ul>\n<ol start=\"5\">\n<li><strong> Isikuandmete s\u00e4ilitamise t\u00e4htajad<\/strong><\/li>\n<\/ol>\n<p>Wiru Auto s\u00e4ilitab isikuandmeid ainult seni, kuni see on vajalik t\u00f6\u00f6tlemise eesm\u00e4rgi t\u00e4itmiseks v\u00f5i seadusest tulenevalt:<\/p>\n<ul>\n<li>kliendi- ja lepingulised andmed: kuni 7 aastat p\u00e4rast lepingu l\u00f5ppemist;<\/li>\n<li>raamatupidamisandmed: vastavalt raamatupidamise seadusele (7 aastat);<\/li>\n<li>kliendip\u00e4ringud ja e-kirjavahetus: kuni 2 aastat;<\/li>\n<li>videovalve salvestised: \u00fcldjuhul kuni 60 p\u00e4eva;<\/li>\n<li>veebilehe kaudu kogutud andmed: kuni eesm\u00e4rgi t\u00e4itmiseni v\u00f5i n\u00f5usoleku tagasiv\u00f5tmiseni.<\/li>\n<\/ul>\n<ol start=\"6\">\n<li><strong> Isikuandmete edastamine kolmandatele isikutele ja v\u00e4ljapoole EL-i<\/strong><\/li>\n<\/ol>\n<p>Wiru Auto edastab isikuandmeid kolmandatele isikutele \u00fcksnes vajalikus ulatuses, sealhulgas IT-teenuse pakkujatele, raamatupidamisteenuse osutajatele ja kindlustuspartneritele.<\/p>\n<p>Kui isikuandmeid edastatakse v\u00e4ljapoole Euroopa Liitu v\u00f5i Euroopa Majanduspiirkonda (nt pilveteenuste kasutamisel), toimub see koosk\u00f5las GDPR-i n\u00f5uetega, kasutades Euroopa Komisjoni standardseid andmekaitseklausleid v\u00f5i muid lubatud kaitsemeetmeid.<\/p>\n<ol start=\"7\">\n<li><strong> Videovalve<\/strong><\/li>\n<\/ol>\n<p>Wiru Auto territooriumil kasutatakse videovalvet vara ja isikute turvalisuse tagamise eesm\u00e4rgil. Salvestistele on ligip\u00e4\u00e4s \u00fcksnes selleks volitatud isikutel ning salvestisi ei kasutata muudel eesm\u00e4rkidel.<\/p>\n<ol start=\"8\">\n<li><strong> Veebilehe andmet\u00f6\u00f6tlus ja k\u00fcpsised<\/strong><\/li>\n<\/ol>\n<p>Wiru Auto veebileht v\u00f5ib kasutada k\u00fcpsiseid ja anal\u00fc\u00fctikat veebilehe kasutajakogemuse parandamiseks ja statistika kogumiseks. K\u00fclastajal on \u00f5igus k\u00fcpsiste kasutamist piirata oma veebilehitseja seadete kaudu.<\/p>\n<ol start=\"9\">\n<li><strong> Automatiseeritud otsused ja profileerimine<\/strong><\/li>\n<\/ol>\n<p>Wiru Auto ei kasuta isikuandmeid automatiseeritud otsuste tegemiseks ega profileerimiseks GDPR artikli 22 t\u00e4henduses.<\/p>\n<ol start=\"10\">\n<li><strong> Andmesubjekti \u00f5igused<\/strong><\/li>\n<\/ol>\n<p>Andmesubjektil on \u00f5igus:<\/p>\n<ul>\n<li>saada teavet enda isikuandmete t\u00f6\u00f6tlemise kohta;<\/li>\n<li>tutvuda enda isikuandmetega ja saada neist koopia;<\/li>\n<li>n\u00f5uda eba\u00f5igete andmete parandamist;<\/li>\n<li>n\u00f5uda andmete kustutamist v\u00f5i t\u00f6\u00f6tlemise piiramist seaduses s\u00e4testatud juhtudel;<\/li>\n<li>v\u00f5tta tagasi isikuandmete t\u00f6\u00f6tlemiseks antud n\u00f5usolek;<\/li>\n<li>esitada kaebus Andmekaitse Inspektsioonile.<\/li>\n<\/ul>\n<p>Isikuandmetega seotud taotlused palume esitada e-posti teel. Wiru Autol on \u00f5igus enne andmete v\u00e4ljastamist kontrollida taotleja isikusamasust.<\/p>\n<ol start=\"11\">\n<li><strong> P\u00f5him\u00f5tete muutmine<\/strong><\/li>\n<\/ol>\n<p>Wiru Auto j\u00e4tab endale \u00f5iguse k\u00e4esolevaid isikuandmete t\u00f6\u00f6tlemise p\u00f5him\u00f5tteid ajakohastada. Kehtiv versioon on alati k\u00e4ttesaadav ettev\u00f5tte veebilehel.<\/p>\n","protected":false},"excerpt":{"rendered":"<p>Wiru Auto isikuandmete t\u00f6\u00f6tlemise p\u00f5him\u00f5tted Vastutav t\u00f6\u00f6tleja Wiru Auto on Eesti ettev\u00f5te, mis tegeleb s\u00f5idukite m\u00fc\u00fcgi, hoolduse, remondi ja autode rendiga. Wiru Auto t\u00f6\u00f6tleb isikuandmeid koosk\u00f5las Euroopa Liidu isikuandmete kaitse \u00fcldm\u00e4\u00e4ruse (GDPR) ja Eesti isikuandmete kaitse seadusega. Kontakt andmekaitsek\u00fcsimustes: E-post: info@wiruauto.ee K\u00e4esoleva poliitika ulatus K\u00e4esolevad isikuandmete t\u00f6\u00f6tlemise p\u00f5him\u00f5tted kirjeldavad, kuidas Wiru Auto t\u00f6\u00f6tleb isikuandmeid oma \u00e4ritegevuse k\u00e4igus, sh kliendisuhtluses, s\u00f5idukite m\u00fc\u00fcgi, hoolduse, remondi ja autode rendi teenuste osutamisel ning veebilehe www.wiruauto.ee kasutamisel. Kui Wiru Auto on esindatud kolmandate osapoolte teenustes v\u00f5i sotsiaalmeediakanalites (nt Facebook), kohaldatakse seal vastavate teenusepakkujate privaatsustingimusi. Isikuandmete liigid Wiru Auto t\u00f6\u00f6tleb \u00fcksnes eesm\u00e4rgip\u00e4raseid ja vajalikke isikuandmeid, sealhulgas: ees- ja perekonnanimi; telefoninumber; e-posti aadress; postiaadress; isikut t\u00f5endava dokumendi andmed v\u00f5i koopia (autode rent ja asendusauto); s\u00f5iduki andmed (registreerimisnumber, VIN-kood, tehnilised andmed); arveldamise ja maksetega seotud andmed; kliendisuhtluse ja p\u00e4ringutega seotud andmed; veebilehe kasutamisega seotud tehnilised andmed. Isikuandmete t\u00f6\u00f6tlemise eesm\u00e4rgid ja \u00f5iguslikud alused Wiru Auto t\u00f6\u00f6tleb isikuandmeid j\u00e4rgmistel eesm\u00e4rkidel ja \u00f5iguslikel alustel: Lepingu s\u00f5lmimine ja t\u00e4itmine (GDPR art 6 lg 1 b): s\u00f5idukite m\u00fc\u00fck, hooldus, remont, rent, asendusauto ja proovis\u00f5idud; Seadusest tulenev kohustus (GDPR art 6 lg 1 c): raamatupidamine, maksuarvestus, \u00f5igusaktidest tulenevad kohustused; \u00d5igustatud huvi (GDPR art 6 lg 1 f): kliendisuhtlus, teenuse kvaliteedi tagamine, vara ja isikute turvalisus (sh videovalve); N\u00f5usolek (GDPR art 6 lg 1 a): turunduslikud teated ja muud tegevused, kus n\u00f5usolek on n\u00f5utav. Isikuandmete s\u00e4ilitamise t\u00e4htajad Wiru Auto s\u00e4ilitab isikuandmeid ainult seni, kuni see on vajalik t\u00f6\u00f6tlemise eesm\u00e4rgi t\u00e4itmiseks v\u00f5i seadusest tulenevalt: kliendi- ja lepingulised andmed: kuni 7 aastat p\u00e4rast lepingu l\u00f5ppemist; raamatupidamisandmed: vastavalt raamatupidamise seadusele (7 aastat); kliendip\u00e4ringud ja e-kirjavahetus: kuni 2 aastat; videovalve salvestised: \u00fcldjuhul kuni 60 p\u00e4eva; veebilehe kaudu kogutud andmed: kuni eesm\u00e4rgi t\u00e4itmiseni v\u00f5i n\u00f5usoleku tagasiv\u00f5tmiseni. Isikuandmete edastamine kolmandatele isikutele ja v\u00e4ljapoole EL-i Wiru Auto edastab isikuandmeid kolmandatele isikutele \u00fcksnes vajalikus ulatuses, sealhulgas IT-teenuse pakkujatele, raamatupidamisteenuse osutajatele ja kindlustuspartneritele. Kui isikuandmeid edastatakse v\u00e4ljapoole Euroopa Liitu v\u00f5i Euroopa Majanduspiirkonda (nt pilveteenuste kasutamisel), toimub see koosk\u00f5las GDPR-i n\u00f5uetega, kasutades Euroopa Komisjoni standardseid andmekaitseklausleid v\u00f5i muid lubatud kaitsemeetmeid. Videovalve Wiru Auto territooriumil kasutatakse videovalvet vara ja isikute turvalisuse tagamise eesm\u00e4rgil. Salvestistele on ligip\u00e4\u00e4s \u00fcksnes selleks volitatud isikutel ning salvestisi ei kasutata muudel eesm\u00e4rkidel. Veebilehe andmet\u00f6\u00f6tlus ja k\u00fcpsised Wiru Auto veebileht v\u00f5ib kasutada k\u00fcpsiseid ja anal\u00fc\u00fctikat veebilehe kasutajakogemuse parandamiseks ja statistika kogumiseks. K\u00fclastajal on \u00f5igus k\u00fcpsiste kasutamist piirata oma veebilehitseja seadete kaudu. Automatiseeritud otsused ja profileerimine Wiru Auto ei kasuta isikuandmeid automatiseeritud otsuste tegemiseks ega profileerimiseks GDPR artikli 22 t\u00e4henduses. Andmesubjekti \u00f5igused Andmesubjektil on \u00f5igus: saada teavet enda isikuandmete t\u00f6\u00f6tlemise kohta; tutvuda enda isikuandmetega ja saada neist koopia; n\u00f5uda eba\u00f5igete andmete parandamist; n\u00f5uda andmete kustutamist v\u00f5i t\u00f6\u00f6tlemise piiramist seaduses s\u00e4testatud juhtudel; v\u00f5tta tagasi isikuandmete t\u00f6\u00f6tlemiseks antud n\u00f5usolek; esitada kaebus Andmekaitse Inspektsioonile. Isikuandmetega seotud taotlused palume esitada e-posti teel. Wiru Autol on \u00f5igus enne andmete v\u00e4ljastamist kontrollida taotleja isikusamasust. P\u00f5him\u00f5tete muutmine Wiru Auto j\u00e4tab endale \u00f5iguse k\u00e4esolevaid isikuandmete t\u00f6\u00f6tlemise p\u00f5him\u00f5tteid ajakohastada. Kehtiv versioon on alati k\u00e4ttesaadav ettev\u00f5tte veebilehel.<\/p>\n","protected":false},"author":1,"featured_media":0,"parent":0,"menu_order":0,"comment_status":"closed","ping_status":"closed","template":"","meta":{"footnotes":""},"class_list":["post-5410","page","type-page","status-publish","hentry"],"_links":{"self":[{"href":"https:\/\/www.wiruauto.ee\/avaleht\/wp-json\/wp\/v2\/pages\/5410","targetHints":{"allow":["GET"]}}],"collection":[{"href":"https:\/\/www.wiruauto.ee\/avaleht\/wp-json\/wp\/v2\/pages"}],"about":[{"href":"https:\/\/www.wiruauto.ee\/avaleht\/wp-json\/wp\/v2\/types\/page"}],"author":[{"embeddable":true,"href":"https:\/\/www.wiruauto.ee\/avaleht\/wp-json\/wp\/v2\/users\/1"}],"replies":[{"embeddable":true,"href":"https:\/\/www.wiruauto.ee\/avaleht\/wp-json\/wp\/v2\/comments?post=5410"}],"version-history":[{"count":5,"href":"https:\/\/www.wiruauto.ee\/avaleht\/wp-json\/wp\/v2\/pages\/5410\/revisions"}],"predecessor-version":[{"id":11676,"href":"https:\/\/www.wiruauto.ee\/avaleht\/wp-json\/wp\/v2\/pages\/5410\/revisions\/11676"}],"wp:attachment":[{"href":"https:\/\/www.wiruauto.ee\/avaleht\/wp-json\/wp\/v2\/media?parent=5410"}],"curies":[{"name":"wp","href":"https:\/\/api.w.org\/{rel}","templated":true}]}}