{"id":841,"date":"2017-03-15T18:41:31","date_gmt":"2017-03-15T16:41:31","guid":{"rendered":"http:\/\/www.wiruauto.ee\/?page_id=841"},"modified":"2026-01-22T11:53:53","modified_gmt":"2026-01-22T09:53:53","slug":"varuosad","status":"publish","type":"page","link":"https:\/\/www.wiruauto.ee\/avaleht\/varuosad\/","title":{"rendered":"Varuosad"},"content":{"rendered":"<div id=\"pl-841\"  class=\"panel-layout\" ><div id=\"pg-841-0\"  class=\"panel-grid panel-no-style\" ><div id=\"pgc-841-0-0\"  class=\"panel-grid-cell\" ><div id=\"panel-841-0-0-0\" class=\"so-panel widget widget_sow-editor panel-first-child\" data-index=\"0\" ><div\n\t\t\t\n\t\t\tclass=\"so-widget-sow-editor so-widget-sow-editor-base\"\n\t\t\t\n\t\t>\n<div class=\"siteorigin-widget-tinymce textwidget\">\n\t<h3><strong>Varuosade kohta saab infot telefonilt 329 5564 ja e-posti aadressilt <a href=\"mailto:teenindus@wiruauto.ee\">teenindus@wiruauto.ee<\/a><\/strong><\/h3>\n<\/div>\n<\/div><\/div><div id=\"panel-841-0-0-1\" class=\"so-panel widget widget_text panel-last-child\" data-index=\"1\" >\t\t\t<div class=\"textwidget\"><p>Otsid oma autole varuosa? T\u00e4ida allolev p\u00e4ringuvorm ja meie leiame su autole kiiresti \u00f5ige varuosa. Kui sa ei tea toote koodi, siis kirjelda meile mis varuosa sul on vaja ja kindlasti lisa ka auto registreerimis number v\u00f5i vin kood.<\/p>\n<p>Peale p\u00e4ringu k\u00e4tte saamist v\u00f5tame esimesel v\u00f5imalusel \u00fchendust.<\/p>\n<\/div>\n\t\t<\/div><\/div><\/div><div id=\"pg-841-1\"  class=\"panel-grid panel-no-style\" ><div id=\"pgc-841-1-0\"  class=\"panel-grid-cell\" ><div id=\"panel-841-1-0-0\" class=\"so-panel widget widget_sow-editor panel-first-child panel-last-child\" data-index=\"2\" ><div\n\t\t\t\n\t\t\tclass=\"so-widget-sow-editor so-widget-sow-editor-base\"\n\t\t\t\n\t\t><h3 class=\"widget-title\">Varuosade p\u00e4ring<\/h3>\n<div class=\"siteorigin-widget-tinymce textwidget\">\n\t\n<div class=\"wpcf7 no-js\" id=\"wpcf7-f11555-o1\" lang=\"et\" dir=\"ltr\" data-wpcf7-id=\"11555\">\n<div class=\"screen-reader-response\"><p role=\"status\" aria-live=\"polite\" aria-atomic=\"true\"><\/p> <ul><\/ul><\/div>\n<form action=\"\/avaleht\/wp-json\/wp\/v2\/pages\/841#wpcf7-f11555-o1\" method=\"post\" class=\"wpcf7-form init\" aria-label=\"Contact form\" novalidate=\"novalidate\" data-status=\"init\">\n<fieldset class=\"hidden-fields-container\"><input type=\"hidden\" name=\"_wpcf7\" value=\"11555\" \/><input type=\"hidden\" name=\"_wpcf7_version\" value=\"6.1.4\" \/><input type=\"hidden\" name=\"_wpcf7_locale\" value=\"et\" \/><input type=\"hidden\" name=\"_wpcf7_unit_tag\" value=\"wpcf7-f11555-o1\" \/><input type=\"hidden\" name=\"_wpcf7_container_post\" value=\"0\" \/><input type=\"hidden\" name=\"_wpcf7_posted_data_hash\" value=\"\" \/>\n<\/fieldset>\n<p><label> Ees-ja perekonnanimi (n\u00f5utav)<br \/>\n<span class=\"wpcf7-form-control-wrap\" data-name=\"your-name\"><input size=\"40\" maxlength=\"400\" class=\"wpcf7-form-control wpcf7-text wpcf7-validates-as-required\" aria-required=\"true\" aria-invalid=\"false\" value=\"\" type=\"text\" name=\"your-name\" \/><\/span> <\/label>\n<\/p>\n<p><label> E-mail (n\u00f5utav)<br \/>\n<span class=\"wpcf7-form-control-wrap\" data-name=\"your-email\"><input size=\"40\" maxlength=\"400\" class=\"wpcf7-form-control wpcf7-email wpcf7-validates-as-required wpcf7-text wpcf7-validates-as-email\" aria-required=\"true\" aria-invalid=\"false\" value=\"\" type=\"email\" name=\"your-email\" \/><\/span> <\/label>\n<\/p>\n<p><label> Telefon<br \/>\n<span class=\"wpcf7-form-control-wrap\" data-name=\"your-tel\"><input size=\"40\" maxlength=\"400\" class=\"wpcf7-form-control wpcf7-tel wpcf7-text wpcf7-validates-as-tel\" aria-invalid=\"false\" value=\"\" type=\"tel\" name=\"your-tel\" \/><\/span> <\/label>\n<\/p>\n<p><label> Tootekood<br \/>\n<span class=\"wpcf7-form-control-wrap\" data-name=\"tootekood\"><input size=\"40\" maxlength=\"400\" class=\"wpcf7-form-control wpcf7-text\" aria-invalid=\"false\" value=\"\" type=\"text\" name=\"tootekood\" \/><\/span> <\/label>\n<\/p>\n<p><label> Registreerimisnumber v\u00f5i vin kood<br \/>\n<span class=\"wpcf7-form-control-wrap\" data-name=\"reg-vin\"><input size=\"40\" maxlength=\"400\" class=\"wpcf7-form-control wpcf7-text\" aria-invalid=\"false\" value=\"\" type=\"text\" name=\"reg-vin\" \/><\/span> <\/label>\n<\/p>\n<p><label> Kommentaar<br \/>\n<span class=\"wpcf7-form-control-wrap\" data-name=\"your-message\"><textarea cols=\"40\" rows=\"10\" maxlength=\"2000\" class=\"wpcf7-form-control wpcf7-textarea\" aria-invalid=\"false\" name=\"your-message\"><\/textarea><\/span> <\/label>\n<\/p>\n<p><label> Oled sa inimene? Sisesta kood!<br \/>\n<input type=\"hidden\" name=\"_wpcf7_captcha_challenge_captcha-1\" value=\"1103560103\" \/><img loading=\"lazy\" decoding=\"async\" class=\"wpcf7-form-control wpcf7-captchac wpcf7-captcha-captcha-1\" width=\"72\" height=\"24\" alt=\"captcha\" src=\"https:\/\/www.wiruauto.ee\/wp-content\/uploads\/wpcf7_captcha\/1103560103.png\" \/> <span class=\"wpcf7-form-control-wrap\" data-name=\"captcha-1\"><input size=\"40\" class=\"wpcf7-form-control wpcf7-captchar\" autocomplete=\"off\" aria-invalid=\"false\" value=\"\" type=\"text\" name=\"captcha-1\" \/><\/span> <\/label>\n<\/p>\n<p><input class=\"wpcf7-form-control wpcf7-submit has-spinner\" type=\"submit\" value=\"Saada\" \/>\n<\/p><div class=\"wpcf7-response-output\" aria-hidden=\"true\"><\/div>\n<\/form>\n<\/div>\n\n<\/div>\n<\/div><\/div><\/div><div id=\"pgc-841-1-1\"  class=\"panel-grid-cell\" ><div id=\"panel-841-1-1-0\" class=\"so-panel widget widget_sow-image panel-first-child panel-last-child\" data-index=\"3\" ><div class=\"panel-widget-style panel-widget-style-for-841-1-1-0\" ><div\n\t\t\t\n\t\t\tclass=\"so-widget-sow-image so-widget-sow-image-default-a258e6bfa2d8-841\"\n\t\t\t\n\t\t>\n<div class=\"sow-image-container\">\n\t\t<img \n\tsrc=\"https:\/\/www.wiruauto.ee\/wp-content\/uploads\/2026\/01\/peugeot-e1768830060322.png\" width=\"660\" height=\"648\" srcset=\"https:\/\/www.wiruauto.ee\/wp-content\/uploads\/2026\/01\/peugeot-e1768830060322.png 660w, https:\/\/www.wiruauto.ee\/wp-content\/uploads\/2026\/01\/peugeot-e1768830060322-300x295.png 300w, https:\/\/www.wiruauto.ee\/wp-content\/uploads\/2026\/01\/peugeot-e1768830060322-450x442.png 450w, https:\/\/www.wiruauto.ee\/wp-content\/uploads\/2026\/01\/peugeot-e1768830060322-50x50.png 50w\" title=\"peugeot\" alt=\"teenindus\" \t\tclass=\"so-widget-image\"\/>\n\t<\/div>\n\n<\/div><\/div><\/div><\/div><\/div><\/div>","protected":false},"excerpt":{"rendered":"<p>Varuosade kohta saab infot telefonilt 329 5564 ja e-posti aadressilt teenindus@wiruauto.ee Otsid oma autole varuosa? T\u00e4ida allolev p\u00e4ringuvorm ja meie leiame su autole kiiresti \u00f5ige varuosa. Kui sa ei tea toote koodi, siis kirjelda meile mis varuosa sul on vaja ja kindlasti lisa ka auto registreerimis number v\u00f5i vin kood. Peale p\u00e4ringu k\u00e4tte saamist v\u00f5tame esimesel v\u00f5imalusel \u00fchendust.<\/p>\n","protected":false},"author":1,"featured_media":0,"parent":0,"menu_order":0,"comment_status":"closed","ping_status":"closed","template":"","meta":{"footnotes":""},"class_list":["post-841","page","type-page","status-publish","hentry"],"_links":{"self":[{"href":"https:\/\/www.wiruauto.ee\/avaleht\/wp-json\/wp\/v2\/pages\/841","targetHints":{"allow":["GET"]}}],"collection":[{"href":"https:\/\/www.wiruauto.ee\/avaleht\/wp-json\/wp\/v2\/pages"}],"about":[{"href":"https:\/\/www.wiruauto.ee\/avaleht\/wp-json\/wp\/v2\/types\/page"}],"author":[{"embeddable":true,"href":"https:\/\/www.wiruauto.ee\/avaleht\/wp-json\/wp\/v2\/users\/1"}],"replies":[{"embeddable":true,"href":"https:\/\/www.wiruauto.ee\/avaleht\/wp-json\/wp\/v2\/comments?post=841"}],"version-history":[{"count":5,"href":"https:\/\/www.wiruauto.ee\/avaleht\/wp-json\/wp\/v2\/pages\/841\/revisions"}],"predecessor-version":[{"id":11642,"href":"https:\/\/www.wiruauto.ee\/avaleht\/wp-json\/wp\/v2\/pages\/841\/revisions\/11642"}],"wp:attachment":[{"href":"https:\/\/www.wiruauto.ee\/avaleht\/wp-json\/wp\/v2\/media?parent=841"}],"curies":[{"name":"wp","href":"https:\/\/api.w.org\/{rel}","templated":true}]}}