{"id":990,"date":"2017-04-02T11:18:23","date_gmt":"2017-04-02T08:18:23","guid":{"rendered":"http:\/\/www.wiruauto.ee\/avaleht\/?page_id=990"},"modified":"2021-06-22T08:57:28","modified_gmt":"2021-06-22T05:57:28","slug":"proovisoit","status":"publish","type":"page","link":"https:\/\/www.wiruauto.ee\/avaleht\/proovisoit\/","title":{"rendered":"Proovis\u00f5it"},"content":{"rendered":"<div id=\"pl-990\"  class=\"panel-layout\" ><div id=\"pg-990-0\"  class=\"panel-grid panel-no-style\" ><div id=\"pgc-990-0-0\"  class=\"panel-grid-cell\" ><div id=\"panel-990-0-0-0\" class=\"so-panel widget widget_sow-editor panel-first-child panel-last-child\" data-index=\"0\" ><div\n\t\t\t\n\t\t\tclass=\"so-widget-sow-editor so-widget-sow-editor-base\"\n\t\t\t\n\t\t>\n<div class=\"siteorigin-widget-tinymce textwidget\">\n\t<p>Sa tahad proovida uut autot, aga ei leia aega salongi tulla? Ole mureta, teeme Su elu lihtsamaks. T\u00e4ida \u00e4ra allj\u00e4rgnev ankeet Sinule sobivaima automudeli proovimiseks ning meie m\u00fc\u00fcgiesindaja lepib Sinule sobivama aja, millal saad autot proovima tulla.<\/p>\n<hr class=\"fw\" \/>\n\n<div class=\"wpcf7 no-js\" id=\"wpcf7-f992-o1\" lang=\"et\" dir=\"ltr\" data-wpcf7-id=\"992\">\n<div class=\"screen-reader-response\"><p role=\"status\" aria-live=\"polite\" aria-atomic=\"true\"><\/p> <ul><\/ul><\/div>\n<form action=\"\/avaleht\/wp-json\/wp\/v2\/pages\/990#wpcf7-f992-o1\" method=\"post\" class=\"wpcf7-form init\" aria-label=\"Contact form\" novalidate=\"novalidate\" data-status=\"init\">\n<fieldset class=\"hidden-fields-container\"><input type=\"hidden\" name=\"_wpcf7\" value=\"992\" \/><input type=\"hidden\" name=\"_wpcf7_version\" value=\"6.1.4\" \/><input type=\"hidden\" name=\"_wpcf7_locale\" value=\"et\" \/><input type=\"hidden\" name=\"_wpcf7_unit_tag\" value=\"wpcf7-f992-o1\" \/><input type=\"hidden\" name=\"_wpcf7_container_post\" value=\"0\" \/><input type=\"hidden\" name=\"_wpcf7_posted_data_hash\" value=\"\" \/>\n<\/fieldset>\n<p><label> Proovis\u00f5iduauto (n\u00f5utav)<br \/>\n<span class=\"wpcf7-form-control-wrap\" data-name=\"menu-car\"><select class=\"wpcf7-form-control wpcf7-select wpcf7-validates-as-required\" aria-required=\"true\" aria-invalid=\"false\" name=\"menu-car\"><option value=\"\">&#8212;Palun tee valik&#8212;<\/option><option value=\"Nissan ARIYA\">Nissan ARIYA<\/option><option value=\"Nissan Juke\">Nissan Juke<\/option><option value=\"Nissan Qasqhai + e-POWER\">Nissan Qasqhai + e-POWER<\/option><option value=\"Nissan X-Trail\">Nissan X-Trail<\/option><option value=\"Peugeot 5008\">Peugeot 5008<\/option><option value=\"Peugeot 2008\">Peugeot 2008<\/option><option value=\"Peugeot 3008\">Peugeot 3008<\/option><option value=\"Citro\u00ebn C3\">Citro\u00ebn C3<\/option><option value=\"Citro\u00ebn C4\">Citro\u00ebn C4<\/option><option value=\"Citro\u00ebn C5\">Citro\u00ebn C5<\/option><option value=\"Citro\u00ebn Perlingo\">Citro\u00ebn Perlingo<\/option><\/select><\/span><br \/>\n<\/label>\n<\/p>\n<p><label> Eesnimi (n\u00f5utav)<br \/>\n<span class=\"wpcf7-form-control-wrap\" data-name=\"your-name\"><input size=\"40\" maxlength=\"400\" class=\"wpcf7-form-control wpcf7-text wpcf7-validates-as-required\" aria-required=\"true\" aria-invalid=\"false\" value=\"\" type=\"text\" name=\"your-name\" \/><\/span> <\/label>\n<\/p>\n<p><label> Perekonnanimi<br \/>\n<span class=\"wpcf7-form-control-wrap\" data-name=\"your-lastname\"><input size=\"40\" maxlength=\"400\" class=\"wpcf7-form-control wpcf7-text\" aria-invalid=\"false\" value=\"\" type=\"text\" name=\"your-lastname\" \/><\/span> <\/label>\n<\/p>\n<p><label> E-mail (n\u00f5utav)<br \/>\n<span class=\"wpcf7-form-control-wrap\" data-name=\"your-email\"><input size=\"40\" maxlength=\"400\" class=\"wpcf7-form-control wpcf7-email wpcf7-validates-as-required wpcf7-text wpcf7-validates-as-email\" aria-required=\"true\" aria-invalid=\"false\" value=\"\" type=\"email\" name=\"your-email\" \/><\/span> <\/label>\n<\/p>\n<p><label> Telefon<br \/>\n<span class=\"wpcf7-form-control-wrap\" data-name=\"phone\"><input size=\"40\" maxlength=\"400\" class=\"wpcf7-form-control wpcf7-tel wpcf7-text wpcf7-validates-as-tel\" aria-invalid=\"false\" value=\"\" type=\"tel\" name=\"phone\" \/><\/span> <\/label>\n<\/p>\n<p><label> Aadress<br \/>\n<span class=\"wpcf7-form-control-wrap\" data-name=\"address\"><input size=\"40\" maxlength=\"400\" class=\"wpcf7-form-control wpcf7-text\" aria-invalid=\"false\" value=\"\" type=\"text\" name=\"address\" \/><\/span> <\/label>\n<\/p>\n<p><label> <strong>Praegune s\u00f5iduk:<\/strong><\/label>\n<\/p>\n<p><label> Mark \/ mudel<br \/>\n<span class=\"wpcf7-form-control-wrap\" data-name=\"text-currentcar\"><input size=\"40\" maxlength=\"400\" class=\"wpcf7-form-control wpcf7-text\" aria-invalid=\"false\" value=\"\" type=\"text\" name=\"text-currentcar\" \/><\/span> <\/label>\n<\/p>\n<p><label> Uue auto plaanin soetada<br \/>\n<span class=\"wpcf7-form-control-wrap\" data-name=\"menu-when\"><select class=\"wpcf7-form-control wpcf7-select\" aria-invalid=\"false\" name=\"menu-when\"><option value=\"l\u00e4hema 3 kuu jooksul\">l\u00e4hema 3 kuu jooksul<\/option><option value=\"3-6 kuu jooksul\">3-6 kuu jooksul<\/option><option value=\"6-12 kuu jooksul\">6-12 kuu jooksul<\/option><option value=\"ei tea veel\">ei tea veel<\/option><\/select><\/span> <\/label>\n<\/p>\n<p><label> Oled sa inimene? Sisesta kood!<br \/>\n<input type=\"hidden\" name=\"_wpcf7_captcha_challenge_captcha-1\" value=\"77997003\" \/><img loading=\"lazy\" decoding=\"async\" class=\"wpcf7-form-control wpcf7-captchac wpcf7-captcha-captcha-1\" width=\"72\" height=\"24\" alt=\"captcha\" src=\"https:\/\/www.wiruauto.ee\/wp-content\/uploads\/wpcf7_captcha\/77997003.png\" \/> <span class=\"wpcf7-form-control-wrap\" data-name=\"captcha-1\"><input size=\"40\" class=\"wpcf7-form-control wpcf7-captchar\" autocomplete=\"off\" aria-invalid=\"false\" value=\"\" type=\"text\" name=\"captcha-1\" \/><\/span> <\/label>\n<\/p>\n<p><input class=\"wpcf7-form-control wpcf7-submit has-spinner\" type=\"submit\" value=\"Saada\" \/>\n<\/p><div class=\"wpcf7-response-output\" aria-hidden=\"true\"><\/div>\n<\/form>\n<\/div>\n\n<\/div>\n<\/div><\/div><\/div><\/div><\/div>","protected":false},"excerpt":{"rendered":"<p>Sa tahad proovida uut autot, aga ei leia aega salongi tulla? Ole mureta, teeme Su elu lihtsamaks. T\u00e4ida \u00e4ra allj\u00e4rgnev ankeet Sinule sobivaima automudeli proovimiseks ning meie m\u00fc\u00fcgiesindaja lepib Sinule sobivama aja, millal saad autot proovima tulla.<\/p>\n","protected":false},"author":1,"featured_media":0,"parent":0,"menu_order":0,"comment_status":"closed","ping_status":"closed","template":"","meta":{"footnotes":""},"class_list":["post-990","page","type-page","status-publish","hentry"],"_links":{"self":[{"href":"https:\/\/www.wiruauto.ee\/avaleht\/wp-json\/wp\/v2\/pages\/990","targetHints":{"allow":["GET"]}}],"collection":[{"href":"https:\/\/www.wiruauto.ee\/avaleht\/wp-json\/wp\/v2\/pages"}],"about":[{"href":"https:\/\/www.wiruauto.ee\/avaleht\/wp-json\/wp\/v2\/types\/page"}],"author":[{"embeddable":true,"href":"https:\/\/www.wiruauto.ee\/avaleht\/wp-json\/wp\/v2\/users\/1"}],"replies":[{"embeddable":true,"href":"https:\/\/www.wiruauto.ee\/avaleht\/wp-json\/wp\/v2\/comments?post=990"}],"version-history":[{"count":5,"href":"https:\/\/www.wiruauto.ee\/avaleht\/wp-json\/wp\/v2\/pages\/990\/revisions"}],"predecessor-version":[{"id":4496,"href":"https:\/\/www.wiruauto.ee\/avaleht\/wp-json\/wp\/v2\/pages\/990\/revisions\/4496"}],"wp:attachment":[{"href":"https:\/\/www.wiruauto.ee\/avaleht\/wp-json\/wp\/v2\/media?parent=990"}],"curies":[{"name":"wp","href":"https:\/\/api.w.org\/{rel}","templated":true}]}}