{"id":11470,"date":"2025-12-29T13:46:14","date_gmt":"2025-12-29T11:46:14","guid":{"rendered":"https:\/\/www.wiruauto.ee\/avaleht\/?post_type=product&#038;p=11470"},"modified":"2025-12-30T10:48:49","modified_gmt":"2025-12-30T08:48:49","slug":"kaigukangi-ava-kate-3286500q1l","status":"publish","type":"product","link":"https:\/\/www.wiruauto.ee\/avaleht\/toode\/kaigukangi-ava-kate-3286500q1l\/","title":{"rendered":"K\u00e4igukangi ava kate 3286500Q1L"},"content":{"rendered":"<p>K\u00e4igukangi ava kate v\u00e4ikebussidele\u00a0 Nissan NV200\/300 ja Renault Traffic lll<\/p>\n","protected":false},"excerpt":{"rendered":"<p>K\u00e4igukangi ava kate v\u00e4ikebussidele\u00a0 Nissan NV200\/300 ja Renault Traffic lll<\/p>\n<p>Tootekood: 3286500Q1L<\/p>\n","protected":false},"featured_media":11471,"comment_status":"open","ping_status":"closed","template":"","meta":[],"product_brand":[],"product_cat":[572],"product_tag":[],"class_list":{"0":"post-11470","1":"product","2":"type-product","3":"status-publish","4":"has-post-thumbnail","6":"product_cat-salong","8":"first","9":"instock","10":"sale","11":"taxable","12":"shipping-taxable","13":"purchasable","14":"product-type-simple"},"_links":{"self":[{"href":"https:\/\/www.wiruauto.ee\/avaleht\/wp-json\/wp\/v2\/product\/11470","targetHints":{"allow":["GET"]}}],"collection":[{"href":"https:\/\/www.wiruauto.ee\/avaleht\/wp-json\/wp\/v2\/product"}],"about":[{"href":"https:\/\/www.wiruauto.ee\/avaleht\/wp-json\/wp\/v2\/types\/product"}],"replies":[{"embeddable":true,"href":"https:\/\/www.wiruauto.ee\/avaleht\/wp-json\/wp\/v2\/comments?post=11470"}],"wp:featuredmedia":[{"embeddable":true,"href":"https:\/\/www.wiruauto.ee\/avaleht\/wp-json\/wp\/v2\/media\/11471"}],"wp:attachment":[{"href":"https:\/\/www.wiruauto.ee\/avaleht\/wp-json\/wp\/v2\/media?parent=11470"}],"wp:term":[{"taxonomy":"product_brand","embeddable":true,"href":"https:\/\/www.wiruauto.ee\/avaleht\/wp-json\/wp\/v2\/product_brand?post=11470"},{"taxonomy":"product_cat","embeddable":true,"href":"https:\/\/www.wiruauto.ee\/avaleht\/wp-json\/wp\/v2\/product_cat?post=11470"},{"taxonomy":"product_tag","embeddable":true,"href":"https:\/\/www.wiruauto.ee\/avaleht\/wp-json\/wp\/v2\/product_tag?post=11470"}],"curies":[{"name":"wp","href":"https:\/\/api.w.org\/{rel}","templated":true}]}}