{"id":11512,"date":"2025-12-29T15:33:49","date_gmt":"2025-12-29T13:33:49","guid":{"rendered":"https:\/\/www.wiruauto.ee\/avaleht\/?post_type=product&#038;p=11512"},"modified":"2025-12-30T10:37:13","modified_gmt":"2025-12-30T08:37:13","slug":"suutepool-9807841880","status":"publish","type":"product","link":"https:\/\/www.wiruauto.ee\/avaleht\/toode\/suutepool-9807841880\/","title":{"rendered":"S\u00fc\u00fctepool 9807841880"},"content":{"rendered":"<p>S\u00fc\u00fctepool PSA 1.2L PureTech,\u00a01.4L VTi ja 1.6L VTi\/THP mootoritele<\/p>\n","protected":false},"excerpt":{"rendered":"<p>S\u00fc\u00fctepool PSA 1.2L PureTech,\u00a01.4L VTi ja 1.6L VTi\/THP mootoritele<\/p>\n<p>Tootekood: 9807841880<\/p>\n","protected":false},"featured_media":11513,"comment_status":"open","ping_status":"closed","template":"","meta":[],"product_brand":[],"product_cat":[574],"product_tag":[],"class_list":{"0":"post-11512","1":"product","2":"type-product","3":"status-publish","4":"has-post-thumbnail","6":"product_cat-mootor","8":"first","9":"instock","10":"sale","11":"taxable","12":"shipping-taxable","13":"purchasable","14":"product-type-simple"},"_links":{"self":[{"href":"https:\/\/www.wiruauto.ee\/avaleht\/wp-json\/wp\/v2\/product\/11512","targetHints":{"allow":["GET"]}}],"collection":[{"href":"https:\/\/www.wiruauto.ee\/avaleht\/wp-json\/wp\/v2\/product"}],"about":[{"href":"https:\/\/www.wiruauto.ee\/avaleht\/wp-json\/wp\/v2\/types\/product"}],"replies":[{"embeddable":true,"href":"https:\/\/www.wiruauto.ee\/avaleht\/wp-json\/wp\/v2\/comments?post=11512"}],"wp:featuredmedia":[{"embeddable":true,"href":"https:\/\/www.wiruauto.ee\/avaleht\/wp-json\/wp\/v2\/media\/11513"}],"wp:attachment":[{"href":"https:\/\/www.wiruauto.ee\/avaleht\/wp-json\/wp\/v2\/media?parent=11512"}],"wp:term":[{"taxonomy":"product_brand","embeddable":true,"href":"https:\/\/www.wiruauto.ee\/avaleht\/wp-json\/wp\/v2\/product_brand?post=11512"},{"taxonomy":"product_cat","embeddable":true,"href":"https:\/\/www.wiruauto.ee\/avaleht\/wp-json\/wp\/v2\/product_cat?post=11512"},{"taxonomy":"product_tag","embeddable":true,"href":"https:\/\/www.wiruauto.ee\/avaleht\/wp-json\/wp\/v2\/product_tag?post=11512"}],"curies":[{"name":"wp","href":"https:\/\/api.w.org\/{rel}","templated":true}]}}