{"id":3356,"date":"2020-05-25T10:49:04","date_gmt":"2020-05-25T07:49:04","guid":{"rendered":"https:\/\/www.wiruauto.ee\/avaleht\/?post_type=product&#038;p=3356"},"modified":"2024-05-24T08:53:36","modified_gmt":"2024-05-24T05:53:36","slug":"motip-valge-laikiv-500-ml","status":"publish","type":"product","link":"https:\/\/www.wiruauto.ee\/avaleht\/toode\/motip-valge-laikiv-500-ml\/","title":{"rendered":"Motip valge l\u00e4ikiv  500 ml"},"content":{"rendered":"","protected":false},"excerpt":{"rendered":"<p>Kiirelt kuivav universaalne akr\u00fc\u00fclv\u00e4rv.<br \/>\nKatab h\u00e4sti ja nakkub erinevate pindadega \u2013 sobib metallile (sh alumiiniumile), klaasile, puidule, kivile ja paljudele erinevat t\u00fc\u00fcpi plastikutele.<\/p>\n","protected":false},"featured_media":3357,"comment_status":"open","ping_status":"closed","template":"","meta":[],"product_brand":[],"product_cat":[269],"product_tag":[],"class_list":{"0":"post-3356","1":"product","2":"type-product","3":"status-publish","4":"has-post-thumbnail","6":"product_cat-autokeemia","8":"first","9":"instock","10":"taxable","11":"shipping-taxable","12":"purchasable","13":"product-type-simple"},"_links":{"self":[{"href":"https:\/\/www.wiruauto.ee\/avaleht\/wp-json\/wp\/v2\/product\/3356","targetHints":{"allow":["GET"]}}],"collection":[{"href":"https:\/\/www.wiruauto.ee\/avaleht\/wp-json\/wp\/v2\/product"}],"about":[{"href":"https:\/\/www.wiruauto.ee\/avaleht\/wp-json\/wp\/v2\/types\/product"}],"replies":[{"embeddable":true,"href":"https:\/\/www.wiruauto.ee\/avaleht\/wp-json\/wp\/v2\/comments?post=3356"}],"wp:featuredmedia":[{"embeddable":true,"href":"https:\/\/www.wiruauto.ee\/avaleht\/wp-json\/wp\/v2\/media\/3357"}],"wp:attachment":[{"href":"https:\/\/www.wiruauto.ee\/avaleht\/wp-json\/wp\/v2\/media?parent=3356"}],"wp:term":[{"taxonomy":"product_brand","embeddable":true,"href":"https:\/\/www.wiruauto.ee\/avaleht\/wp-json\/wp\/v2\/product_brand?post=3356"},{"taxonomy":"product_cat","embeddable":true,"href":"https:\/\/www.wiruauto.ee\/avaleht\/wp-json\/wp\/v2\/product_cat?post=3356"},{"taxonomy":"product_tag","embeddable":true,"href":"https:\/\/www.wiruauto.ee\/avaleht\/wp-json\/wp\/v2\/product_tag?post=3356"}],"curies":[{"name":"wp","href":"https:\/\/api.w.org\/{rel}","templated":true}]}}