{"id":3358,"date":"2020-05-25T10:52:48","date_gmt":"2020-05-25T07:52:48","guid":{"rendered":"https:\/\/www.wiruauto.ee\/avaleht\/?post_type=product&#038;p=3358"},"modified":"2025-07-01T14:51:45","modified_gmt":"2025-07-01T11:51:45","slug":"motip-must-laikiv-varv-500-ml","status":"publish","type":"product","link":"https:\/\/www.wiruauto.ee\/avaleht\/toode\/motip-must-laikiv-varv-500-ml\/","title":{"rendered":"Motip must l\u00e4ikiv v\u00e4rv 500 ml"},"content":{"rendered":"","protected":false},"excerpt":{"rendered":"<p>Kiirelt kuivav universaalne akr\u00fc\u00fclv\u00e4rv.<br \/>\nKatab h\u00e4sti ja nakkub erinevate pindadega \u2013 sobib metallile (sh alumiiniumile), klaasile, puidule, kivile ja paljudele erinevat t\u00fc\u00fcpi plastikutele.<\/p>\n","protected":false},"featured_media":3359,"comment_status":"open","ping_status":"closed","template":"","meta":[],"product_brand":[],"product_cat":[269],"product_tag":[],"class_list":{"0":"post-3358","1":"product","2":"type-product","3":"status-publish","4":"has-post-thumbnail","6":"product_cat-autokeemia","8":"first","9":"instock","10":"taxable","11":"shipping-taxable","12":"purchasable","13":"product-type-simple"},"_links":{"self":[{"href":"https:\/\/www.wiruauto.ee\/avaleht\/wp-json\/wp\/v2\/product\/3358","targetHints":{"allow":["GET"]}}],"collection":[{"href":"https:\/\/www.wiruauto.ee\/avaleht\/wp-json\/wp\/v2\/product"}],"about":[{"href":"https:\/\/www.wiruauto.ee\/avaleht\/wp-json\/wp\/v2\/types\/product"}],"replies":[{"embeddable":true,"href":"https:\/\/www.wiruauto.ee\/avaleht\/wp-json\/wp\/v2\/comments?post=3358"}],"wp:featuredmedia":[{"embeddable":true,"href":"https:\/\/www.wiruauto.ee\/avaleht\/wp-json\/wp\/v2\/media\/3359"}],"wp:attachment":[{"href":"https:\/\/www.wiruauto.ee\/avaleht\/wp-json\/wp\/v2\/media?parent=3358"}],"wp:term":[{"taxonomy":"product_brand","embeddable":true,"href":"https:\/\/www.wiruauto.ee\/avaleht\/wp-json\/wp\/v2\/product_brand?post=3358"},{"taxonomy":"product_cat","embeddable":true,"href":"https:\/\/www.wiruauto.ee\/avaleht\/wp-json\/wp\/v2\/product_cat?post=3358"},{"taxonomy":"product_tag","embeddable":true,"href":"https:\/\/www.wiruauto.ee\/avaleht\/wp-json\/wp\/v2\/product_tag?post=3358"}],"curies":[{"name":"wp","href":"https:\/\/api.w.org\/{rel}","templated":true}]}}