{"id":3377,"date":"2020-05-26T15:26:59","date_gmt":"2020-05-26T12:26:59","guid":{"rendered":"https:\/\/www.wiruauto.ee\/avaleht\/?post_type=product&#038;p=3377"},"modified":"2025-11-06T15:37:05","modified_gmt":"2025-11-06T13:37:05","slug":"motip-veljevarv-valge-500-ml","status":"publish","type":"product","link":"https:\/\/www.wiruauto.ee\/avaleht\/toode\/motip-veljevarv-valge-500-ml\/","title":{"rendered":"Motip veljev\u00e4rv valge 500 ml"},"content":{"rendered":"","protected":false},"excerpt":{"rendered":"<p>Kiiresti kuivav v\u00e4rv kergmetall- v\u00f5i alumiiniumvelgede v\u00e4rviparanduseks.<\/p>\n","protected":false},"featured_media":11289,"comment_status":"open","ping_status":"closed","template":"","meta":[],"product_brand":[],"product_cat":[269],"product_tag":[],"class_list":{"0":"post-3377","1":"product","2":"type-product","3":"status-publish","4":"has-post-thumbnail","6":"product_cat-autokeemia","8":"first","9":"instock","10":"taxable","11":"shipping-taxable","12":"purchasable","13":"product-type-simple"},"_links":{"self":[{"href":"https:\/\/www.wiruauto.ee\/avaleht\/wp-json\/wp\/v2\/product\/3377","targetHints":{"allow":["GET"]}}],"collection":[{"href":"https:\/\/www.wiruauto.ee\/avaleht\/wp-json\/wp\/v2\/product"}],"about":[{"href":"https:\/\/www.wiruauto.ee\/avaleht\/wp-json\/wp\/v2\/types\/product"}],"replies":[{"embeddable":true,"href":"https:\/\/www.wiruauto.ee\/avaleht\/wp-json\/wp\/v2\/comments?post=3377"}],"wp:featuredmedia":[{"embeddable":true,"href":"https:\/\/www.wiruauto.ee\/avaleht\/wp-json\/wp\/v2\/media\/11289"}],"wp:attachment":[{"href":"https:\/\/www.wiruauto.ee\/avaleht\/wp-json\/wp\/v2\/media?parent=3377"}],"wp:term":[{"taxonomy":"product_brand","embeddable":true,"href":"https:\/\/www.wiruauto.ee\/avaleht\/wp-json\/wp\/v2\/product_brand?post=3377"},{"taxonomy":"product_cat","embeddable":true,"href":"https:\/\/www.wiruauto.ee\/avaleht\/wp-json\/wp\/v2\/product_cat?post=3377"},{"taxonomy":"product_tag","embeddable":true,"href":"https:\/\/www.wiruauto.ee\/avaleht\/wp-json\/wp\/v2\/product_tag?post=3377"}],"curies":[{"name":"wp","href":"https:\/\/api.w.org\/{rel}","templated":true}]}}