{"id":3405,"date":"2020-05-28T11:18:15","date_gmt":"2020-05-28T08:18:15","guid":{"rendered":"https:\/\/www.wiruauto.ee\/avaleht\/?post_type=product&#038;p=3405"},"modified":"2026-01-24T11:27:16","modified_gmt":"2026-01-24T09:27:16","slug":"castrol-edge-fst-5w30-ll-5l","status":"publish","type":"product","link":"https:\/\/www.wiruauto.ee\/avaleht\/toode\/castrol-edge-fst-5w30-ll-5l\/","title":{"rendered":"Castrol Edge FST 5W30 LL 5L"},"content":{"rendered":"","protected":false},"excerpt":{"rendered":"<p>Uuema p\u00f5lvkonna t\u00e4iss\u00fcnteetiline &#8220;Low SAPS&#8221; mootori\u00f5li, mis tagab puhtamad heitgaasid ning millega v\u00e4hendatakse keskkonna saastatust.Sobib kasutamiseks s\u00f5idu- ja pakiautode bensiini- ning diiselmootorites (ka DPF tahmafiltriga varustatud diisels\u00f5idukid).<br \/>\nV\u00f5imaldab pikendatud \u00f5livahetuse v\u00e4lba. ACEA C3; Porsche C30;<br \/>\nMB-Approval 229.31\/229.51; VW 504.00\/ 507.00<\/p>\n","protected":false},"featured_media":11151,"comment_status":"open","ping_status":"closed","template":"","meta":[],"product_brand":[],"product_cat":[112,116],"product_tag":[308],"class_list":{"0":"post-3405","1":"product","2":"type-product","3":"status-publish","4":"has-post-thumbnail","6":"product_cat-maardeained","7":"product_cat-sunteesmootoriolid","8":"product_tag-ainult-kuller","10":"first","11":"instock","12":"taxable","13":"shipping-taxable","14":"purchasable","15":"product-type-simple"},"_links":{"self":[{"href":"https:\/\/www.wiruauto.ee\/avaleht\/wp-json\/wp\/v2\/product\/3405","targetHints":{"allow":["GET"]}}],"collection":[{"href":"https:\/\/www.wiruauto.ee\/avaleht\/wp-json\/wp\/v2\/product"}],"about":[{"href":"https:\/\/www.wiruauto.ee\/avaleht\/wp-json\/wp\/v2\/types\/product"}],"replies":[{"embeddable":true,"href":"https:\/\/www.wiruauto.ee\/avaleht\/wp-json\/wp\/v2\/comments?post=3405"}],"wp:featuredmedia":[{"embeddable":true,"href":"https:\/\/www.wiruauto.ee\/avaleht\/wp-json\/wp\/v2\/media\/11151"}],"wp:attachment":[{"href":"https:\/\/www.wiruauto.ee\/avaleht\/wp-json\/wp\/v2\/media?parent=3405"}],"wp:term":[{"taxonomy":"product_brand","embeddable":true,"href":"https:\/\/www.wiruauto.ee\/avaleht\/wp-json\/wp\/v2\/product_brand?post=3405"},{"taxonomy":"product_cat","embeddable":true,"href":"https:\/\/www.wiruauto.ee\/avaleht\/wp-json\/wp\/v2\/product_cat?post=3405"},{"taxonomy":"product_tag","embeddable":true,"href":"https:\/\/www.wiruauto.ee\/avaleht\/wp-json\/wp\/v2\/product_tag?post=3405"}],"curies":[{"name":"wp","href":"https:\/\/api.w.org\/{rel}","templated":true}]}}