{"id":3447,"date":"2020-05-28T16:49:18","date_gmt":"2020-05-28T13:49:18","guid":{"rendered":"https:\/\/www.wiruauto.ee\/avaleht\/?post_type=product&#038;p=3447"},"modified":"2026-03-02T14:28:35","modified_gmt":"2026-03-02T12:28:35","slug":"motip-kruntvarv-punane-500-ml","status":"publish","type":"product","link":"https:\/\/www.wiruauto.ee\/avaleht\/toode\/motip-kruntvarv-punane-500-ml\/","title":{"rendered":"Motip kruntv\u00e4rv punane 500 ml"},"content":{"rendered":"","protected":false},"excerpt":{"rendered":"<p>Universaalne kruntv\u00e4rv, akr\u00fc\u00fcl.<br \/>\nNii t\u00f6\u00f6deldud kui t\u00f6\u00f6tlemata pindadele.<br \/>\nV\u00e4ga heade katte- ja t\u00e4iteomadustega, kaitseb roostetamise eest.<br \/>\nSobib metallile (sh alumiiniumile), klaasile, puidule ja kivipindadele.<\/p>\n","protected":false},"featured_media":3448,"comment_status":"open","ping_status":"closed","template":"","meta":[],"product_brand":[],"product_cat":[269],"product_tag":[],"class_list":{"0":"post-3447","1":"product","2":"type-product","3":"status-publish","4":"has-post-thumbnail","6":"product_cat-autokeemia","8":"first","9":"instock","10":"taxable","11":"shipping-taxable","12":"purchasable","13":"product-type-simple"},"_links":{"self":[{"href":"https:\/\/www.wiruauto.ee\/avaleht\/wp-json\/wp\/v2\/product\/3447","targetHints":{"allow":["GET"]}}],"collection":[{"href":"https:\/\/www.wiruauto.ee\/avaleht\/wp-json\/wp\/v2\/product"}],"about":[{"href":"https:\/\/www.wiruauto.ee\/avaleht\/wp-json\/wp\/v2\/types\/product"}],"replies":[{"embeddable":true,"href":"https:\/\/www.wiruauto.ee\/avaleht\/wp-json\/wp\/v2\/comments?post=3447"}],"wp:featuredmedia":[{"embeddable":true,"href":"https:\/\/www.wiruauto.ee\/avaleht\/wp-json\/wp\/v2\/media\/3448"}],"wp:attachment":[{"href":"https:\/\/www.wiruauto.ee\/avaleht\/wp-json\/wp\/v2\/media?parent=3447"}],"wp:term":[{"taxonomy":"product_brand","embeddable":true,"href":"https:\/\/www.wiruauto.ee\/avaleht\/wp-json\/wp\/v2\/product_brand?post=3447"},{"taxonomy":"product_cat","embeddable":true,"href":"https:\/\/www.wiruauto.ee\/avaleht\/wp-json\/wp\/v2\/product_cat?post=3447"},{"taxonomy":"product_tag","embeddable":true,"href":"https:\/\/www.wiruauto.ee\/avaleht\/wp-json\/wp\/v2\/product_tag?post=3447"}],"curies":[{"name":"wp","href":"https:\/\/api.w.org\/{rel}","templated":true}]}}