{"id":3459,"date":"2020-06-01T11:10:49","date_gmt":"2020-06-01T08:10:49","guid":{"rendered":"https:\/\/www.wiruauto.ee\/avaleht\/?post_type=product&#038;p=3459"},"modified":"2020-08-26T10:57:42","modified_gmt":"2020-08-26T07:57:42","slug":"havoline-prods-m-5w30-1l","status":"publish","type":"product","link":"https:\/\/www.wiruauto.ee\/avaleht\/toode\/havoline-prods-m-5w30-1l\/","title":{"rendered":"HAVOLINE ProDS M 5W30 1L"},"content":{"rendered":"","protected":false},"excerpt":{"rendered":"<p>K\u00f5rgkvaliteetne uuel manustehnoloogial p\u00f5hinev s\u00fcnteetiline mootori\u00f5li k\u00f5ikidele bensiini-, gaasi- ja diiselmootoritele ja turbodiislitele ning DPF tahmafiltriga s\u00f5idukitele millel n\u00f5utud allolevad standardid\u00a0 \u00a0 \u00a0 \u00a0 \u00a0 \u00a0 \u00a0Standardid : ACEA C3, C2 ; API SN ; BMW Longlife-04, GM dexos2, MB 229.52\/229.51\/229.31<\/p>\n","protected":false},"featured_media":3430,"comment_status":"open","ping_status":"closed","template":"","meta":[],"product_brand":[],"product_cat":[112,116],"product_tag":[],"class_list":{"0":"post-3459","1":"product","2":"type-product","3":"status-publish","4":"has-post-thumbnail","6":"product_cat-maardeained","7":"product_cat-sunteesmootoriolid","9":"first","10":"instock","11":"taxable","12":"shipping-taxable","13":"purchasable","14":"product-type-simple"},"_links":{"self":[{"href":"https:\/\/www.wiruauto.ee\/avaleht\/wp-json\/wp\/v2\/product\/3459","targetHints":{"allow":["GET"]}}],"collection":[{"href":"https:\/\/www.wiruauto.ee\/avaleht\/wp-json\/wp\/v2\/product"}],"about":[{"href":"https:\/\/www.wiruauto.ee\/avaleht\/wp-json\/wp\/v2\/types\/product"}],"replies":[{"embeddable":true,"href":"https:\/\/www.wiruauto.ee\/avaleht\/wp-json\/wp\/v2\/comments?post=3459"}],"wp:featuredmedia":[{"embeddable":true,"href":"https:\/\/www.wiruauto.ee\/avaleht\/wp-json\/wp\/v2\/media\/3430"}],"wp:attachment":[{"href":"https:\/\/www.wiruauto.ee\/avaleht\/wp-json\/wp\/v2\/media?parent=3459"}],"wp:term":[{"taxonomy":"product_brand","embeddable":true,"href":"https:\/\/www.wiruauto.ee\/avaleht\/wp-json\/wp\/v2\/product_brand?post=3459"},{"taxonomy":"product_cat","embeddable":true,"href":"https:\/\/www.wiruauto.ee\/avaleht\/wp-json\/wp\/v2\/product_cat?post=3459"},{"taxonomy":"product_tag","embeddable":true,"href":"https:\/\/www.wiruauto.ee\/avaleht\/wp-json\/wp\/v2\/product_tag?post=3459"}],"curies":[{"name":"wp","href":"https:\/\/api.w.org\/{rel}","templated":true}]}}