{"id":3486,"date":"2020-06-04T11:04:02","date_gmt":"2020-06-04T08:04:02","guid":{"rendered":"https:\/\/www.wiruauto.ee\/avaleht\/?post_type=product&#038;p=3486"},"modified":"2025-03-31T09:33:38","modified_gmt":"2025-03-31T06:33:38","slug":"havoline-prods-v-5w30-1l","status":"publish","type":"product","link":"https:\/\/www.wiruauto.ee\/avaleht\/toode\/havoline-prods-v-5w30-1l\/","title":{"rendered":"HAVOLINE ProDS V 5W30 1L"},"content":{"rendered":"","protected":false},"excerpt":{"rendered":"<p>K\u00f5rgkvaliteetne uuel manustehnoloogial p\u00f5hinev pika vahetusv\u00e4lbaga\u00a0 s\u00fcnteetiline mootori\u00f5li mis on loodud eesk\u00e4t uute WV, AUDI, SKODA JA SEAT bensiini-, gaasi- ja diiselmootoritele ja turbodiislitele s\u00f5idukitele\u00a0 \u00a0 \u00a0Standardid : ACEA C3,\u00a0 API SN ; BMW Longlife-04,\u00a0 MB 229.31,Porsche C30,\u00a0 \u00a0 \u00a0 \u00a0 \u00a0 \u00a0 \u00a0 \u00a0 \u00a0 \u00a0 \u00a0 \u00a0 \u00a0 \u00a0 \u00a0 \u00a0 \u00a0 \u00a0 \u00a0 \u00a0 \u00a0 \u00a0 VW 504.00\/507.00 Longlife III<\/p>\n","protected":false},"featured_media":3485,"comment_status":"open","ping_status":"closed","template":"","meta":[],"product_brand":[],"product_cat":[112,116],"product_tag":[],"class_list":{"0":"post-3486","1":"product","2":"type-product","3":"status-publish","4":"has-post-thumbnail","6":"product_cat-maardeained","7":"product_cat-sunteesmootoriolid","9":"first","10":"instock","11":"taxable","12":"shipping-taxable","13":"purchasable","14":"product-type-simple"},"_links":{"self":[{"href":"https:\/\/www.wiruauto.ee\/avaleht\/wp-json\/wp\/v2\/product\/3486","targetHints":{"allow":["GET"]}}],"collection":[{"href":"https:\/\/www.wiruauto.ee\/avaleht\/wp-json\/wp\/v2\/product"}],"about":[{"href":"https:\/\/www.wiruauto.ee\/avaleht\/wp-json\/wp\/v2\/types\/product"}],"replies":[{"embeddable":true,"href":"https:\/\/www.wiruauto.ee\/avaleht\/wp-json\/wp\/v2\/comments?post=3486"}],"wp:featuredmedia":[{"embeddable":true,"href":"https:\/\/www.wiruauto.ee\/avaleht\/wp-json\/wp\/v2\/media\/3485"}],"wp:attachment":[{"href":"https:\/\/www.wiruauto.ee\/avaleht\/wp-json\/wp\/v2\/media?parent=3486"}],"wp:term":[{"taxonomy":"product_brand","embeddable":true,"href":"https:\/\/www.wiruauto.ee\/avaleht\/wp-json\/wp\/v2\/product_brand?post=3486"},{"taxonomy":"product_cat","embeddable":true,"href":"https:\/\/www.wiruauto.ee\/avaleht\/wp-json\/wp\/v2\/product_cat?post=3486"},{"taxonomy":"product_tag","embeddable":true,"href":"https:\/\/www.wiruauto.ee\/avaleht\/wp-json\/wp\/v2\/product_tag?post=3486"}],"curies":[{"name":"wp","href":"https:\/\/api.w.org\/{rel}","templated":true}]}}