{"id":3837,"date":"2020-11-19T09:38:47","date_gmt":"2020-11-19T07:38:47","guid":{"rendered":"https:\/\/www.wiruauto.ee\/avaleht\/?post_type=product&#038;p=3837"},"modified":"2020-11-19T10:36:30","modified_gmt":"2020-11-19T08:36:30","slug":"__trashed-3","status":"publish","type":"product","link":"https:\/\/www.wiruauto.ee\/avaleht\/toode\/__trashed-3\/","title":{"rendered":"Veov\u00f5ll K27, esi parem, Dacia Logan 2004-"},"content":{"rendered":"","protected":false},"excerpt":{"rendered":"<p><strong>Toote andmed: <\/strong><br \/>\n<strong>Pikkus (mm):<\/strong> 763; <strong>V\u00e4lishambumine ratta pool:<\/strong> 21; <strong>V\u00e4lishambumine diferentsiaali pool:<\/strong> 23; <strong>R\u00f5ngastihendi l\u00e4bim\u00f5\u00f5t (mm):<\/strong> 49;<\/p>\n<p><strong>Sobivus:<\/strong><\/p>\n<p>Dacia Logan 1,2\u00a0 55kw\u00a0 2006- ;\u00a0 1,4\u00a0 55kw\u00a0 2004- ;\u00a0 1,6\u00a0 64kw\u00a0 2004-<\/p>\n<p>Dacia Sandero 1,4\u00a0 55kw\u00a0 2008- ;1,4MPI\u00a0 53kw\u00a0 2009- ; 1,6\u00a0 64kw\u00a0 2008- ; 1,6MPI\u00a0 62kw\u00a0 2010-<\/p>\n","protected":false},"featured_media":3836,"comment_status":"open","ping_status":"closed","template":"","meta":[],"product_brand":[],"product_cat":[272],"product_tag":[308],"class_list":{"0":"post-3837","1":"product","2":"type-product","3":"status-publish","4":"has-post-thumbnail","6":"product_cat-varuosad","7":"product_tag-ainult-kuller","9":"first","10":"instock","11":"sale","12":"taxable","13":"shipping-taxable","14":"purchasable","15":"product-type-simple"},"_links":{"self":[{"href":"https:\/\/www.wiruauto.ee\/avaleht\/wp-json\/wp\/v2\/product\/3837","targetHints":{"allow":["GET"]}}],"collection":[{"href":"https:\/\/www.wiruauto.ee\/avaleht\/wp-json\/wp\/v2\/product"}],"about":[{"href":"https:\/\/www.wiruauto.ee\/avaleht\/wp-json\/wp\/v2\/types\/product"}],"replies":[{"embeddable":true,"href":"https:\/\/www.wiruauto.ee\/avaleht\/wp-json\/wp\/v2\/comments?post=3837"}],"wp:featuredmedia":[{"embeddable":true,"href":"https:\/\/www.wiruauto.ee\/avaleht\/wp-json\/wp\/v2\/media\/3836"}],"wp:attachment":[{"href":"https:\/\/www.wiruauto.ee\/avaleht\/wp-json\/wp\/v2\/media?parent=3837"}],"wp:term":[{"taxonomy":"product_brand","embeddable":true,"href":"https:\/\/www.wiruauto.ee\/avaleht\/wp-json\/wp\/v2\/product_brand?post=3837"},{"taxonomy":"product_cat","embeddable":true,"href":"https:\/\/www.wiruauto.ee\/avaleht\/wp-json\/wp\/v2\/product_cat?post=3837"},{"taxonomy":"product_tag","embeddable":true,"href":"https:\/\/www.wiruauto.ee\/avaleht\/wp-json\/wp\/v2\/product_tag?post=3837"}],"curies":[{"name":"wp","href":"https:\/\/api.w.org\/{rel}","templated":true}]}}