{"id":8477,"date":"2025-03-28T08:42:04","date_gmt":"2025-03-28T06:42:04","guid":{"rendered":"https:\/\/www.wiruauto.ee\/avaleht\/?post_type=product&#038;p=8477"},"modified":"2025-12-30T13:29:03","modified_gmt":"2025-12-30T11:29:03","slug":"sarniir-ulemine-7700312851","status":"publish","type":"product","link":"https:\/\/www.wiruauto.ee\/avaleht\/toode\/sarniir-ulemine-7700312851\/","title":{"rendered":"\u0160arniir \u00fclemine 7700312851"},"content":{"rendered":"<p>\u0160arniir \u00fclemine Renault Master ll<\/p>\n<p>Tootekood: 7700312851<\/p>\n","protected":false},"excerpt":{"rendered":"<p>\u0160arniir \u00fclemine Renault Master ll 7700312851<\/p>\n","protected":false},"featured_media":8478,"comment_status":"open","ping_status":"closed","template":"","meta":[],"product_brand":[],"product_cat":[573],"product_tag":[],"class_list":{"0":"post-8477","1":"product","2":"type-product","3":"status-publish","4":"has-post-thumbnail","6":"product_cat-veermik","8":"first","9":"instock","10":"sale","11":"taxable","12":"shipping-taxable","13":"purchasable","14":"product-type-simple"},"_links":{"self":[{"href":"https:\/\/www.wiruauto.ee\/avaleht\/wp-json\/wp\/v2\/product\/8477","targetHints":{"allow":["GET"]}}],"collection":[{"href":"https:\/\/www.wiruauto.ee\/avaleht\/wp-json\/wp\/v2\/product"}],"about":[{"href":"https:\/\/www.wiruauto.ee\/avaleht\/wp-json\/wp\/v2\/types\/product"}],"replies":[{"embeddable":true,"href":"https:\/\/www.wiruauto.ee\/avaleht\/wp-json\/wp\/v2\/comments?post=8477"}],"wp:featuredmedia":[{"embeddable":true,"href":"https:\/\/www.wiruauto.ee\/avaleht\/wp-json\/wp\/v2\/media\/8478"}],"wp:attachment":[{"href":"https:\/\/www.wiruauto.ee\/avaleht\/wp-json\/wp\/v2\/media?parent=8477"}],"wp:term":[{"taxonomy":"product_brand","embeddable":true,"href":"https:\/\/www.wiruauto.ee\/avaleht\/wp-json\/wp\/v2\/product_brand?post=8477"},{"taxonomy":"product_cat","embeddable":true,"href":"https:\/\/www.wiruauto.ee\/avaleht\/wp-json\/wp\/v2\/product_cat?post=8477"},{"taxonomy":"product_tag","embeddable":true,"href":"https:\/\/www.wiruauto.ee\/avaleht\/wp-json\/wp\/v2\/product_tag?post=8477"}],"curies":[{"name":"wp","href":"https:\/\/api.w.org\/{rel}","templated":true}]}}