{"id":8617,"date":"2025-03-28T11:49:15","date_gmt":"2025-03-28T09:49:15","guid":{"rendered":"https:\/\/www.wiruauto.ee\/avaleht\/?post_type=product&#038;p=8617"},"modified":"2025-12-30T11:56:40","modified_gmt":"2025-12-30T09:56:40","slug":"ukse-kaepide-80640hv00b","status":"publish","type":"product","link":"https:\/\/www.wiruauto.ee\/avaleht\/toode\/ukse-kaepide-80640hv00b\/","title":{"rendered":"Ukse k\u00e4epide 80640HV00B"},"content":{"rendered":"<p>K\u00f5rvalistuja ukse v\u00e4limine k\u00e4epide Nissan Qashqai J11 pruun<\/p>\n<p>Tootekood: 80640HV00B<\/p>\n","protected":false},"excerpt":{"rendered":"<p>K\u00f5rvalistuja ukse v\u00e4limine k\u00e4epide Nissan Qashqai J11 pruun 80640HV00B<\/p>\n","protected":false},"featured_media":8618,"comment_status":"open","ping_status":"closed","template":"","meta":[],"product_brand":[],"product_cat":[575],"product_tag":[],"class_list":{"0":"post-8617","1":"product","2":"type-product","3":"status-publish","4":"has-post-thumbnail","6":"product_cat-kere","8":"first","9":"instock","10":"sale","11":"taxable","12":"shipping-taxable","13":"purchasable","14":"product-type-simple"},"_links":{"self":[{"href":"https:\/\/www.wiruauto.ee\/avaleht\/wp-json\/wp\/v2\/product\/8617","targetHints":{"allow":["GET"]}}],"collection":[{"href":"https:\/\/www.wiruauto.ee\/avaleht\/wp-json\/wp\/v2\/product"}],"about":[{"href":"https:\/\/www.wiruauto.ee\/avaleht\/wp-json\/wp\/v2\/types\/product"}],"replies":[{"embeddable":true,"href":"https:\/\/www.wiruauto.ee\/avaleht\/wp-json\/wp\/v2\/comments?post=8617"}],"wp:featuredmedia":[{"embeddable":true,"href":"https:\/\/www.wiruauto.ee\/avaleht\/wp-json\/wp\/v2\/media\/8618"}],"wp:attachment":[{"href":"https:\/\/www.wiruauto.ee\/avaleht\/wp-json\/wp\/v2\/media?parent=8617"}],"wp:term":[{"taxonomy":"product_brand","embeddable":true,"href":"https:\/\/www.wiruauto.ee\/avaleht\/wp-json\/wp\/v2\/product_brand?post=8617"},{"taxonomy":"product_cat","embeddable":true,"href":"https:\/\/www.wiruauto.ee\/avaleht\/wp-json\/wp\/v2\/product_cat?post=8617"},{"taxonomy":"product_tag","embeddable":true,"href":"https:\/\/www.wiruauto.ee\/avaleht\/wp-json\/wp\/v2\/product_tag?post=8617"}],"curies":[{"name":"wp","href":"https:\/\/api.w.org\/{rel}","templated":true}]}}