{"id":8861,"date":"2025-03-28T17:04:40","date_gmt":"2025-03-28T15:04:40","guid":{"rendered":"https:\/\/www.wiruauto.ee\/avaleht\/?post_type=product&#038;p=8861"},"modified":"2025-12-30T11:21:19","modified_gmt":"2025-12-30T09:21:19","slug":"eelsuutekuunal-5960f5","status":"publish","type":"product","link":"https:\/\/www.wiruauto.ee\/avaleht\/toode\/eelsuutekuunal-5960f5\/","title":{"rendered":"Eels\u00fc\u00fctek\u00fc\u00fcnal 5960F5"},"content":{"rendered":"<p>Eels\u00fc\u00fctek\u00fc\u00fcnal Peugeot DW10TD mootorile<\/p>\n<p>Tootekood: 5960F5<\/p>\n","protected":false},"excerpt":{"rendered":"<p>Eels\u00fc\u00fctek\u00fc\u00fcnal Peugeot DW10TD mootorile 5960F5<\/p>\n","protected":false},"featured_media":8863,"comment_status":"open","ping_status":"closed","template":"","meta":[],"product_brand":[],"product_cat":[574],"product_tag":[],"class_list":{"0":"post-8861","1":"product","2":"type-product","3":"status-publish","4":"has-post-thumbnail","6":"product_cat-mootor","8":"first","9":"instock","10":"sale","11":"taxable","12":"shipping-taxable","13":"purchasable","14":"product-type-simple"},"_links":{"self":[{"href":"https:\/\/www.wiruauto.ee\/avaleht\/wp-json\/wp\/v2\/product\/8861","targetHints":{"allow":["GET"]}}],"collection":[{"href":"https:\/\/www.wiruauto.ee\/avaleht\/wp-json\/wp\/v2\/product"}],"about":[{"href":"https:\/\/www.wiruauto.ee\/avaleht\/wp-json\/wp\/v2\/types\/product"}],"replies":[{"embeddable":true,"href":"https:\/\/www.wiruauto.ee\/avaleht\/wp-json\/wp\/v2\/comments?post=8861"}],"wp:featuredmedia":[{"embeddable":true,"href":"https:\/\/www.wiruauto.ee\/avaleht\/wp-json\/wp\/v2\/media\/8863"}],"wp:attachment":[{"href":"https:\/\/www.wiruauto.ee\/avaleht\/wp-json\/wp\/v2\/media?parent=8861"}],"wp:term":[{"taxonomy":"product_brand","embeddable":true,"href":"https:\/\/www.wiruauto.ee\/avaleht\/wp-json\/wp\/v2\/product_brand?post=8861"},{"taxonomy":"product_cat","embeddable":true,"href":"https:\/\/www.wiruauto.ee\/avaleht\/wp-json\/wp\/v2\/product_cat?post=8861"},{"taxonomy":"product_tag","embeddable":true,"href":"https:\/\/www.wiruauto.ee\/avaleht\/wp-json\/wp\/v2\/product_tag?post=8861"}],"curies":[{"name":"wp","href":"https:\/\/api.w.org\/{rel}","templated":true}]}}